{"id":13113,"date":"2021-07-30T15:19:52","date_gmt":"2021-07-30T15:19:52","guid":{"rendered":"http:\/\/laplumedeloiseaulyre.com\/?page_id=13113"},"modified":"2021-07-30T15:19:52","modified_gmt":"2021-07-30T15:19:52","slug":"veratre-veratrum-album","status":"publish","type":"page","link":"http:\/\/laplumedeloiseaulyre.com\/?page_id=13113","title":{"rendered":"V\u00c9R\u00c2TRE Veratrum album\u00a0"},"content":{"rendered":"\n<p>Le naturopathe n\u2019aime pas le V\u00e9r\u00e2tre<br>Qui recopie le d\u00e9bonnaire bouillon blanc,<br>Plagieur dupant les n\u00e9ophytes assolant,<br>Faux-h\u00e9ll\u00e9bore en gabardine de mar\u00e2tre.<\/p>\n\n\n\n<p><\/p>\n","protected":false},"excerpt":{"rendered":"<p>Le naturopathe n\u2019aime pas le V\u00e9r\u00e2treQui recopie le d\u00e9bonnaire bouillon blanc,Plagieur dupant les n\u00e9ophytes assolant,Faux-h\u00e9ll\u00e9bore en gabardine de mar\u00e2tre.<\/p>\n<p class=\"more-link-p\"><a class=\"more-link\" href=\"http:\/\/laplumedeloiseaulyre.com\/?page_id=13113\">Read more &rarr;<\/a><\/p>\n","protected":false},"author":1,"featured_media":0,"parent":0,"menu_order":0,"comment_status":"closed","ping_status":"closed","template":"","meta":{"spay_email":""},"jetpack_shortlink":"https:\/\/wp.me\/P4lzfC-3pv","_links":{"self":[{"href":"http:\/\/laplumedeloiseaulyre.com\/index.php?rest_route=\/wp\/v2\/pages\/13113"}],"collection":[{"href":"http:\/\/laplumedeloiseaulyre.com\/index.php?rest_route=\/wp\/v2\/pages"}],"about":[{"href":"http:\/\/laplumedeloiseaulyre.com\/index.php?rest_route=\/wp\/v2\/types\/page"}],"author":[{"embeddable":true,"href":"http:\/\/laplumedeloiseaulyre.com\/index.php?rest_route=\/wp\/v2\/users\/1"}],"replies":[{"embeddable":true,"href":"http:\/\/laplumedeloiseaulyre.com\/index.php?rest_route=%2Fwp%2Fv2%2Fcomments&post=13113"}],"version-history":[{"count":1,"href":"http:\/\/laplumedeloiseaulyre.com\/index.php?rest_route=\/wp\/v2\/pages\/13113\/revisions"}],"predecessor-version":[{"id":13114,"href":"http:\/\/laplumedeloiseaulyre.com\/index.php?rest_route=\/wp\/v2\/pages\/13113\/revisions\/13114"}],"wp:attachment":[{"href":"http:\/\/laplumedeloiseaulyre.com\/index.php?rest_route=%2Fwp%2Fv2%2Fmedia&parent=13113"}],"curies":[{"name":"wp","href":"https:\/\/api.w.org\/{rel}","templated":true}]}}