{"id":13101,"date":"2021-07-30T15:08:37","date_gmt":"2021-07-30T15:08:37","guid":{"rendered":"http:\/\/laplumedeloiseaulyre.com\/?page_id=13101"},"modified":"2022-01-30T23:38:02","modified_gmt":"2022-01-30T23:38:02","slug":"tetradium-tetradium-daniellii","status":"publish","type":"page","link":"http:\/\/laplumedeloiseaulyre.com\/?page_id=13101","title":{"rendered":"TETRADIUM Tetradium daniellii\u00a0"},"content":{"rendered":"\n<p>La synd\u00e9r\u00e8se du Tetradium me tourmente,<br>Son pollen d\u00e9vore ma conscience de femme<br>Quand j\u2019entends ses ardillons de miel qui m\u2019aimantent\u00a0:<br>\u00ab\u00a0Rien n\u2019est vraiment s\u00e9rieux que de sauver son \u00e2me.\u00a0\u00bb<\/p>\n\n\n\n<p><\/p>\n","protected":false},"excerpt":{"rendered":"<p>La synd\u00e9r\u00e8se du Tetradium me tourmente,Son pollen d\u00e9vore ma conscience de femmeQuand j\u2019entends ses ardillons de miel qui m\u2019aimantent\u00a0:\u00ab\u00a0Rien n\u2019est vraiment s\u00e9rieux que de sauver son \u00e2me.\u00a0\u00bb<\/p>\n<p class=\"more-link-p\"><a class=\"more-link\" href=\"http:\/\/laplumedeloiseaulyre.com\/?page_id=13101\">Read more &rarr;<\/a><\/p>\n","protected":false},"author":1,"featured_media":0,"parent":0,"menu_order":0,"comment_status":"closed","ping_status":"closed","template":"","meta":{"spay_email":""},"jetpack_shortlink":"https:\/\/wp.me\/P4lzfC-3pj","_links":{"self":[{"href":"http:\/\/laplumedeloiseaulyre.com\/index.php?rest_route=\/wp\/v2\/pages\/13101"}],"collection":[{"href":"http:\/\/laplumedeloiseaulyre.com\/index.php?rest_route=\/wp\/v2\/pages"}],"about":[{"href":"http:\/\/laplumedeloiseaulyre.com\/index.php?rest_route=\/wp\/v2\/types\/page"}],"author":[{"embeddable":true,"href":"http:\/\/laplumedeloiseaulyre.com\/index.php?rest_route=\/wp\/v2\/users\/1"}],"replies":[{"embeddable":true,"href":"http:\/\/laplumedeloiseaulyre.com\/index.php?rest_route=%2Fwp%2Fv2%2Fcomments&post=13101"}],"version-history":[{"count":2,"href":"http:\/\/laplumedeloiseaulyre.com\/index.php?rest_route=\/wp\/v2\/pages\/13101\/revisions"}],"predecessor-version":[{"id":13522,"href":"http:\/\/laplumedeloiseaulyre.com\/index.php?rest_route=\/wp\/v2\/pages\/13101\/revisions\/13522"}],"wp:attachment":[{"href":"http:\/\/laplumedeloiseaulyre.com\/index.php?rest_route=%2Fwp%2Fv2%2Fmedia&parent=13101"}],"curies":[{"name":"wp","href":"https:\/\/api.w.org\/{rel}","templated":true}]}}