{"id":13099,"date":"2021-07-30T15:06:51","date_gmt":"2021-07-30T15:06:51","guid":{"rendered":"http:\/\/laplumedeloiseaulyre.com\/?page_id=13099"},"modified":"2021-07-30T15:06:51","modified_gmt":"2021-07-30T15:06:51","slug":"tamier-dioscorea-communis","status":"publish","type":"page","link":"http:\/\/laplumedeloiseaulyre.com\/?page_id=13099","title":{"rendered":"TAMIER Dioscorea communis\u00a0"},"content":{"rendered":"\n<p>Tamier cord\u00e9 que tes vrilles sont \u00e9touffantes !<br>Je marche cribl\u00e9e d\u2019afflictions dans ton grand Val<br>O\u00f9 le Sublime appelle nos \u00e2mes errantes :<br>\u00d4 Dieu des mis\u00e9reux qu\u2019avons-nous fait de mal ?<\/p>\n\n\n\n<p><\/p>\n","protected":false},"excerpt":{"rendered":"<p>Tamier cord\u00e9 que tes vrilles sont \u00e9touffantes !Je marche cribl\u00e9e d\u2019afflictions dans ton grand ValO\u00f9 le Sublime appelle nos \u00e2mes errantes :\u00d4 Dieu des mis\u00e9reux qu\u2019avons-nous fait de mal ?<\/p>\n<p class=\"more-link-p\"><a class=\"more-link\" href=\"http:\/\/laplumedeloiseaulyre.com\/?page_id=13099\">Read more &rarr;<\/a><\/p>\n","protected":false},"author":1,"featured_media":0,"parent":0,"menu_order":0,"comment_status":"closed","ping_status":"closed","template":"","meta":{"spay_email":""},"jetpack_shortlink":"https:\/\/wp.me\/P4lzfC-3ph","_links":{"self":[{"href":"http:\/\/laplumedeloiseaulyre.com\/index.php?rest_route=\/wp\/v2\/pages\/13099"}],"collection":[{"href":"http:\/\/laplumedeloiseaulyre.com\/index.php?rest_route=\/wp\/v2\/pages"}],"about":[{"href":"http:\/\/laplumedeloiseaulyre.com\/index.php?rest_route=\/wp\/v2\/types\/page"}],"author":[{"embeddable":true,"href":"http:\/\/laplumedeloiseaulyre.com\/index.php?rest_route=\/wp\/v2\/users\/1"}],"replies":[{"embeddable":true,"href":"http:\/\/laplumedeloiseaulyre.com\/index.php?rest_route=%2Fwp%2Fv2%2Fcomments&post=13099"}],"version-history":[{"count":1,"href":"http:\/\/laplumedeloiseaulyre.com\/index.php?rest_route=\/wp\/v2\/pages\/13099\/revisions"}],"predecessor-version":[{"id":13100,"href":"http:\/\/laplumedeloiseaulyre.com\/index.php?rest_route=\/wp\/v2\/pages\/13099\/revisions\/13100"}],"wp:attachment":[{"href":"http:\/\/laplumedeloiseaulyre.com\/index.php?rest_route=%2Fwp%2Fv2%2Fmedia&parent=13099"}],"curies":[{"name":"wp","href":"https:\/\/api.w.org\/{rel}","templated":true}]}}