{"id":13096,"date":"2021-07-30T15:04:37","date_gmt":"2021-07-30T15:04:37","guid":{"rendered":"http:\/\/laplumedeloiseaulyre.com\/?page_id=13096"},"modified":"2021-07-30T15:04:37","modified_gmt":"2021-07-30T15:04:37","slug":"stramoine-datura-stramonium","status":"publish","type":"page","link":"http:\/\/laplumedeloiseaulyre.com\/?page_id=13096","title":{"rendered":"STRAMOINE Datura stramonium\u00a0"},"content":{"rendered":"\n<p>Des volont\u00e9s de puissance d\u00e9livrez-nous,<br>Des pestes et des maladies prot\u00e9gez-nous,<br>Du serpent qui rampe dans l\u2019ombre \u00e9loignez-nous,<br>De la pomme du Stramoine d\u00e9fendez-nous.<\/p>\n\n\n\n<p><\/p>\n","protected":false},"excerpt":{"rendered":"<p>Des volont\u00e9s de puissance d\u00e9livrez-nous,Des pestes et des maladies prot\u00e9gez-nous,Du serpent qui rampe dans l\u2019ombre \u00e9loignez-nous,De la pomme du Stramoine d\u00e9fendez-nous.<\/p>\n<p class=\"more-link-p\"><a class=\"more-link\" href=\"http:\/\/laplumedeloiseaulyre.com\/?page_id=13096\">Read more &rarr;<\/a><\/p>\n","protected":false},"author":1,"featured_media":0,"parent":0,"menu_order":0,"comment_status":"closed","ping_status":"closed","template":"","meta":{"spay_email":""},"jetpack_shortlink":"https:\/\/wp.me\/P4lzfC-3pe","_links":{"self":[{"href":"http:\/\/laplumedeloiseaulyre.com\/index.php?rest_route=\/wp\/v2\/pages\/13096"}],"collection":[{"href":"http:\/\/laplumedeloiseaulyre.com\/index.php?rest_route=\/wp\/v2\/pages"}],"about":[{"href":"http:\/\/laplumedeloiseaulyre.com\/index.php?rest_route=\/wp\/v2\/types\/page"}],"author":[{"embeddable":true,"href":"http:\/\/laplumedeloiseaulyre.com\/index.php?rest_route=\/wp\/v2\/users\/1"}],"replies":[{"embeddable":true,"href":"http:\/\/laplumedeloiseaulyre.com\/index.php?rest_route=%2Fwp%2Fv2%2Fcomments&post=13096"}],"version-history":[{"count":1,"href":"http:\/\/laplumedeloiseaulyre.com\/index.php?rest_route=\/wp\/v2\/pages\/13096\/revisions"}],"predecessor-version":[{"id":13097,"href":"http:\/\/laplumedeloiseaulyre.com\/index.php?rest_route=\/wp\/v2\/pages\/13096\/revisions\/13097"}],"wp:attachment":[{"href":"http:\/\/laplumedeloiseaulyre.com\/index.php?rest_route=%2Fwp%2Fv2%2Fmedia&parent=13096"}],"curies":[{"name":"wp","href":"https:\/\/api.w.org\/{rel}","templated":true}]}}