{"id":13094,"date":"2021-07-30T15:02:20","date_gmt":"2021-07-30T15:02:20","guid":{"rendered":"http:\/\/laplumedeloiseaulyre.com\/?page_id=13094"},"modified":"2021-07-30T15:02:20","modified_gmt":"2021-07-30T15:02:20","slug":"sporobole-tenace-sporobolus-indicus","status":"publish","type":"page","link":"http:\/\/laplumedeloiseaulyre.com\/?page_id=13094","title":{"rendered":"SPOROBOLE TENACE Sporobolus indicus\u00a0"},"content":{"rendered":"\n<p>Qui pensait que tu serais si tenace,<br>Sporobole qui s\u2019\u00e9tala, fertile,<br>Tandis que nous sp\u00e9culions inhabiles<br>\u00c0 comprendre ton insonore audace\u00a0!<\/p>\n\n\n\n<p><\/p>\n","protected":false},"excerpt":{"rendered":"<p>Qui pensait que tu serais si tenace,Sporobole qui s\u2019\u00e9tala, fertile,Tandis que nous sp\u00e9culions inhabiles\u00c0 comprendre ton insonore audace\u00a0!<\/p>\n<p class=\"more-link-p\"><a class=\"more-link\" href=\"http:\/\/laplumedeloiseaulyre.com\/?page_id=13094\">Read more &rarr;<\/a><\/p>\n","protected":false},"author":1,"featured_media":0,"parent":0,"menu_order":0,"comment_status":"closed","ping_status":"closed","template":"","meta":{"spay_email":""},"jetpack_shortlink":"https:\/\/wp.me\/P4lzfC-3pc","_links":{"self":[{"href":"http:\/\/laplumedeloiseaulyre.com\/index.php?rest_route=\/wp\/v2\/pages\/13094"}],"collection":[{"href":"http:\/\/laplumedeloiseaulyre.com\/index.php?rest_route=\/wp\/v2\/pages"}],"about":[{"href":"http:\/\/laplumedeloiseaulyre.com\/index.php?rest_route=\/wp\/v2\/types\/page"}],"author":[{"embeddable":true,"href":"http:\/\/laplumedeloiseaulyre.com\/index.php?rest_route=\/wp\/v2\/users\/1"}],"replies":[{"embeddable":true,"href":"http:\/\/laplumedeloiseaulyre.com\/index.php?rest_route=%2Fwp%2Fv2%2Fcomments&post=13094"}],"version-history":[{"count":1,"href":"http:\/\/laplumedeloiseaulyre.com\/index.php?rest_route=\/wp\/v2\/pages\/13094\/revisions"}],"predecessor-version":[{"id":13095,"href":"http:\/\/laplumedeloiseaulyre.com\/index.php?rest_route=\/wp\/v2\/pages\/13094\/revisions\/13095"}],"wp:attachment":[{"href":"http:\/\/laplumedeloiseaulyre.com\/index.php?rest_route=%2Fwp%2Fv2%2Fmedia&parent=13094"}],"curies":[{"name":"wp","href":"https:\/\/api.w.org\/{rel}","templated":true}]}}