{"id":13089,"date":"2021-07-30T14:57:51","date_gmt":"2021-07-30T14:57:51","guid":{"rendered":"http:\/\/laplumedeloiseaulyre.com\/?page_id=13089"},"modified":"2021-07-30T14:57:51","modified_gmt":"2021-07-30T14:57:51","slug":"silphium-silphium-laciniatum","status":"publish","type":"page","link":"http:\/\/laplumedeloiseaulyre.com\/?page_id=13089","title":{"rendered":"SILPHIUM Silphium laciniatum\u00a0"},"content":{"rendered":"\n<p>Chantez pour lui et jouez sur toutes les gammes,<br>Pour le Silphium qui fut patriarche intr\u00e9pide<br>Suivez sa felouque \u00e0 la boussole rapide\u00a0:<br>Il bat pl\u00e9thore de monnaies gr\u00e2ce \u00e0 ses rames.<\/p>\n\n\n\n<p><\/p>\n","protected":false},"excerpt":{"rendered":"<p>Chantez pour lui et jouez sur toutes les gammes,Pour le Silphium qui fut patriarche intr\u00e9pideSuivez sa felouque \u00e0 la boussole rapide\u00a0:Il bat pl\u00e9thore de monnaies gr\u00e2ce \u00e0 ses rames.<\/p>\n<p class=\"more-link-p\"><a class=\"more-link\" href=\"http:\/\/laplumedeloiseaulyre.com\/?page_id=13089\">Read more &rarr;<\/a><\/p>\n","protected":false},"author":1,"featured_media":0,"parent":0,"menu_order":0,"comment_status":"closed","ping_status":"closed","template":"","meta":{"spay_email":""},"jetpack_shortlink":"https:\/\/wp.me\/P4lzfC-3p7","_links":{"self":[{"href":"http:\/\/laplumedeloiseaulyre.com\/index.php?rest_route=\/wp\/v2\/pages\/13089"}],"collection":[{"href":"http:\/\/laplumedeloiseaulyre.com\/index.php?rest_route=\/wp\/v2\/pages"}],"about":[{"href":"http:\/\/laplumedeloiseaulyre.com\/index.php?rest_route=\/wp\/v2\/types\/page"}],"author":[{"embeddable":true,"href":"http:\/\/laplumedeloiseaulyre.com\/index.php?rest_route=\/wp\/v2\/users\/1"}],"replies":[{"embeddable":true,"href":"http:\/\/laplumedeloiseaulyre.com\/index.php?rest_route=%2Fwp%2Fv2%2Fcomments&post=13089"}],"version-history":[{"count":1,"href":"http:\/\/laplumedeloiseaulyre.com\/index.php?rest_route=\/wp\/v2\/pages\/13089\/revisions"}],"predecessor-version":[{"id":13090,"href":"http:\/\/laplumedeloiseaulyre.com\/index.php?rest_route=\/wp\/v2\/pages\/13089\/revisions\/13090"}],"wp:attachment":[{"href":"http:\/\/laplumedeloiseaulyre.com\/index.php?rest_route=%2Fwp%2Fv2%2Fmedia&parent=13089"}],"curies":[{"name":"wp","href":"https:\/\/api.w.org\/{rel}","templated":true}]}}