{"id":13084,"date":"2021-07-30T14:53:50","date_gmt":"2021-07-30T14:53:50","guid":{"rendered":"http:\/\/laplumedeloiseaulyre.com\/?page_id=13084"},"modified":"2021-07-30T14:53:50","modified_gmt":"2021-07-30T14:53:50","slug":"sherardie-sherardia-arvensis","status":"publish","type":"page","link":"http:\/\/laplumedeloiseaulyre.com\/?page_id=13084","title":{"rendered":"SH\u00c9RARDIE Sherardia arvensis\u00a0"},"content":{"rendered":"\n<p>En la For\u00eat de longue attente o\u00f9 l\u2019\u00e2me g\u00eet,<br>Tr\u00e9buchant sur les obstacles des illusions<br>Moi aussi je vais, comme autrefois Sh\u00e9rardie,<br>Pour acqu\u00e9rir verticilles m\u00fbrs de raison.<\/p>\n\n\n\n<p><\/p>\n","protected":false},"excerpt":{"rendered":"<p>En la For\u00eat de longue attente o\u00f9 l\u2019\u00e2me g\u00eet,Tr\u00e9buchant sur les obstacles des illusionsMoi aussi je vais, comme autrefois Sh\u00e9rardie,Pour acqu\u00e9rir verticilles m\u00fbrs de raison.<\/p>\n<p class=\"more-link-p\"><a class=\"more-link\" href=\"http:\/\/laplumedeloiseaulyre.com\/?page_id=13084\">Read more &rarr;<\/a><\/p>\n","protected":false},"author":1,"featured_media":0,"parent":0,"menu_order":0,"comment_status":"closed","ping_status":"closed","template":"","meta":{"spay_email":""},"jetpack_shortlink":"https:\/\/wp.me\/P4lzfC-3p2","_links":{"self":[{"href":"http:\/\/laplumedeloiseaulyre.com\/index.php?rest_route=\/wp\/v2\/pages\/13084"}],"collection":[{"href":"http:\/\/laplumedeloiseaulyre.com\/index.php?rest_route=\/wp\/v2\/pages"}],"about":[{"href":"http:\/\/laplumedeloiseaulyre.com\/index.php?rest_route=\/wp\/v2\/types\/page"}],"author":[{"embeddable":true,"href":"http:\/\/laplumedeloiseaulyre.com\/index.php?rest_route=\/wp\/v2\/users\/1"}],"replies":[{"embeddable":true,"href":"http:\/\/laplumedeloiseaulyre.com\/index.php?rest_route=%2Fwp%2Fv2%2Fcomments&post=13084"}],"version-history":[{"count":1,"href":"http:\/\/laplumedeloiseaulyre.com\/index.php?rest_route=\/wp\/v2\/pages\/13084\/revisions"}],"predecessor-version":[{"id":13085,"href":"http:\/\/laplumedeloiseaulyre.com\/index.php?rest_route=\/wp\/v2\/pages\/13084\/revisions\/13085"}],"wp:attachment":[{"href":"http:\/\/laplumedeloiseaulyre.com\/index.php?rest_route=%2Fwp%2Fv2%2Fmedia&parent=13084"}],"curies":[{"name":"wp","href":"https:\/\/api.w.org\/{rel}","templated":true}]}}