{"id":13079,"date":"2021-07-30T14:49:12","date_gmt":"2021-07-30T14:49:12","guid":{"rendered":"http:\/\/laplumedeloiseaulyre.com\/?page_id=13079"},"modified":"2021-07-30T14:49:12","modified_gmt":"2021-07-30T14:49:12","slug":"sene-senna-alexandrina","status":"publish","type":"page","link":"http:\/\/laplumedeloiseaulyre.com\/?page_id=13079","title":{"rendered":"S\u00c9N\u00c9 Senna alexandrina"},"content":{"rendered":"\n<p>\u00c0 dos de chameaux, au fond de paniers pesants,<br>Les gousses du S\u00e9n\u00e9 vont d\u2019un pas chaloup\u00e9<br>De l\u2019Orient jusqu\u2019\u00e0 l\u2019Occident, sans nul p\u00e9ch\u00e9,\u00a0<br>B\u00e9nir les \u00e9lectuaires du Vatican.<\/p>\n\n\n\n<p><\/p>\n","protected":false},"excerpt":{"rendered":"<p>\u00c0 dos de chameaux, au fond de paniers pesants,Les gousses du S\u00e9n\u00e9 vont d\u2019un pas chaloup\u00e9De l\u2019Orient jusqu\u2019\u00e0 l\u2019Occident, sans nul p\u00e9ch\u00e9,\u00a0B\u00e9nir les \u00e9lectuaires du Vatican.<\/p>\n<p class=\"more-link-p\"><a class=\"more-link\" href=\"http:\/\/laplumedeloiseaulyre.com\/?page_id=13079\">Read more &rarr;<\/a><\/p>\n","protected":false},"author":1,"featured_media":0,"parent":0,"menu_order":0,"comment_status":"closed","ping_status":"closed","template":"","meta":{"spay_email":""},"jetpack_shortlink":"https:\/\/wp.me\/P4lzfC-3oX","_links":{"self":[{"href":"http:\/\/laplumedeloiseaulyre.com\/index.php?rest_route=\/wp\/v2\/pages\/13079"}],"collection":[{"href":"http:\/\/laplumedeloiseaulyre.com\/index.php?rest_route=\/wp\/v2\/pages"}],"about":[{"href":"http:\/\/laplumedeloiseaulyre.com\/index.php?rest_route=\/wp\/v2\/types\/page"}],"author":[{"embeddable":true,"href":"http:\/\/laplumedeloiseaulyre.com\/index.php?rest_route=\/wp\/v2\/users\/1"}],"replies":[{"embeddable":true,"href":"http:\/\/laplumedeloiseaulyre.com\/index.php?rest_route=%2Fwp%2Fv2%2Fcomments&post=13079"}],"version-history":[{"count":1,"href":"http:\/\/laplumedeloiseaulyre.com\/index.php?rest_route=\/wp\/v2\/pages\/13079\/revisions"}],"predecessor-version":[{"id":13080,"href":"http:\/\/laplumedeloiseaulyre.com\/index.php?rest_route=\/wp\/v2\/pages\/13079\/revisions\/13080"}],"wp:attachment":[{"href":"http:\/\/laplumedeloiseaulyre.com\/index.php?rest_route=%2Fwp%2Fv2%2Fmedia&parent=13079"}],"curies":[{"name":"wp","href":"https:\/\/api.w.org\/{rel}","templated":true}]}}