{"id":13070,"date":"2021-07-30T14:41:11","date_gmt":"2021-07-30T14:41:11","guid":{"rendered":"http:\/\/laplumedeloiseaulyre.com\/?page_id=13070"},"modified":"2022-02-25T01:36:20","modified_gmt":"2022-02-25T01:36:20","slug":"saule-marsault-salix-caprea","status":"publish","type":"page","link":"http:\/\/laplumedeloiseaulyre.com\/?page_id=13070","title":{"rendered":"SAULE MARSAULT Salix caprea\u00a0"},"content":{"rendered":"\n<p>Assur\u00e9ment le Saule Marsault sait attendre<br>Jours apr\u00e8s journ\u00e9es l\u2019\u00e9closion de ses chatons,<br>Arm\u00e9 de douceur, ayant patience \u00e0 revendre,<br>Rameau blanc de r\u00e9silience et de compassion.<\/p>\n\n\n\n<p><\/p>\n","protected":false},"excerpt":{"rendered":"<p>Assur\u00e9ment le Saule Marsault sait attendreJours apr\u00e8s journ\u00e9es l\u2019\u00e9closion de ses chatons,Arm\u00e9 de douceur, ayant patience \u00e0 revendre,Rameau blanc de r\u00e9silience et de compassion.<\/p>\n<p class=\"more-link-p\"><a class=\"more-link\" href=\"http:\/\/laplumedeloiseaulyre.com\/?page_id=13070\">Read more &rarr;<\/a><\/p>\n","protected":false},"author":1,"featured_media":0,"parent":0,"menu_order":0,"comment_status":"closed","ping_status":"closed","template":"","meta":{"spay_email":""},"jetpack_shortlink":"https:\/\/wp.me\/P4lzfC-3oO","_links":{"self":[{"href":"http:\/\/laplumedeloiseaulyre.com\/index.php?rest_route=\/wp\/v2\/pages\/13070"}],"collection":[{"href":"http:\/\/laplumedeloiseaulyre.com\/index.php?rest_route=\/wp\/v2\/pages"}],"about":[{"href":"http:\/\/laplumedeloiseaulyre.com\/index.php?rest_route=\/wp\/v2\/types\/page"}],"author":[{"embeddable":true,"href":"http:\/\/laplumedeloiseaulyre.com\/index.php?rest_route=\/wp\/v2\/users\/1"}],"replies":[{"embeddable":true,"href":"http:\/\/laplumedeloiseaulyre.com\/index.php?rest_route=%2Fwp%2Fv2%2Fcomments&post=13070"}],"version-history":[{"count":2,"href":"http:\/\/laplumedeloiseaulyre.com\/index.php?rest_route=\/wp\/v2\/pages\/13070\/revisions"}],"predecessor-version":[{"id":13727,"href":"http:\/\/laplumedeloiseaulyre.com\/index.php?rest_route=\/wp\/v2\/pages\/13070\/revisions\/13727"}],"wp:attachment":[{"href":"http:\/\/laplumedeloiseaulyre.com\/index.php?rest_route=%2Fwp%2Fv2%2Fmedia&parent=13070"}],"curies":[{"name":"wp","href":"https:\/\/api.w.org\/{rel}","templated":true}]}}