{"id":13068,"date":"2021-07-30T14:39:03","date_gmt":"2021-07-30T14:39:03","guid":{"rendered":"http:\/\/laplumedeloiseaulyre.com\/?page_id=13068"},"modified":"2022-01-30T23:35:04","modified_gmt":"2022-01-30T23:35:04","slug":"sanguisorbe-sanguisorba-officinalis","status":"publish","type":"page","link":"http:\/\/laplumedeloiseaulyre.com\/?page_id=13068","title":{"rendered":"SANGUISORBE Sanguisorba officinalis\u00a0"},"content":{"rendered":"\n<p>Irascible soleil tu m\u2019as exasp\u00e9r\u00e9e,<br>Dardant tes rayons sur les statues de cristal,<br>Rompant les tiges des Sanguisorbes ros\u00e9es,<br>Mes pr\u00e9cieuses Pimprenelles officinales.<\/p>\n","protected":false},"excerpt":{"rendered":"<p>Irascible soleil tu m\u2019as exasp\u00e9r\u00e9e,Dardant tes rayons sur les statues de cristal,Rompant les tiges des Sanguisorbes ros\u00e9es,Mes pr\u00e9cieuses Pimprenelles officinales.<\/p>\n<p class=\"more-link-p\"><a class=\"more-link\" href=\"http:\/\/laplumedeloiseaulyre.com\/?page_id=13068\">Read more &rarr;<\/a><\/p>\n","protected":false},"author":1,"featured_media":0,"parent":0,"menu_order":0,"comment_status":"closed","ping_status":"closed","template":"","meta":{"spay_email":""},"jetpack_shortlink":"https:\/\/wp.me\/P4lzfC-3oM","_links":{"self":[{"href":"http:\/\/laplumedeloiseaulyre.com\/index.php?rest_route=\/wp\/v2\/pages\/13068"}],"collection":[{"href":"http:\/\/laplumedeloiseaulyre.com\/index.php?rest_route=\/wp\/v2\/pages"}],"about":[{"href":"http:\/\/laplumedeloiseaulyre.com\/index.php?rest_route=\/wp\/v2\/types\/page"}],"author":[{"embeddable":true,"href":"http:\/\/laplumedeloiseaulyre.com\/index.php?rest_route=\/wp\/v2\/users\/1"}],"replies":[{"embeddable":true,"href":"http:\/\/laplumedeloiseaulyre.com\/index.php?rest_route=%2Fwp%2Fv2%2Fcomments&post=13068"}],"version-history":[{"count":2,"href":"http:\/\/laplumedeloiseaulyre.com\/index.php?rest_route=\/wp\/v2\/pages\/13068\/revisions"}],"predecessor-version":[{"id":13520,"href":"http:\/\/laplumedeloiseaulyre.com\/index.php?rest_route=\/wp\/v2\/pages\/13068\/revisions\/13520"}],"wp:attachment":[{"href":"http:\/\/laplumedeloiseaulyre.com\/index.php?rest_route=%2Fwp%2Fv2%2Fmedia&parent=13068"}],"curies":[{"name":"wp","href":"https:\/\/api.w.org\/{rel}","templated":true}]}}