{"id":13066,"date":"2021-07-30T14:37:27","date_gmt":"2021-07-30T14:37:27","guid":{"rendered":"http:\/\/laplumedeloiseaulyre.com\/?page_id=13066"},"modified":"2021-07-30T14:37:27","modified_gmt":"2021-07-30T14:37:27","slug":"sandersonia-sandersonia-aurantiaca","status":"publish","type":"page","link":"http:\/\/laplumedeloiseaulyre.com\/?page_id=13066","title":{"rendered":"SANDERSONIA Sandersonia aurantiaca\u00a0"},"content":{"rendered":"\n<p>Sandersonia, sorceleur aux yeux enchant\u00e9s<br>De lueurs oranges, de lanternes flambantes,<br>Muguet dor\u00e9, clochette de No\u00ebl brillante<br>Sandersonia, prince de floribondit\u00e9.<\/p>\n\n\n\n<p><\/p>\n","protected":false},"excerpt":{"rendered":"<p>Sandersonia, sorceleur aux yeux enchant\u00e9sDe lueurs oranges, de lanternes flambantes,Muguet dor\u00e9, clochette de No\u00ebl brillanteSandersonia, prince de floribondit\u00e9.<\/p>\n<p class=\"more-link-p\"><a class=\"more-link\" href=\"http:\/\/laplumedeloiseaulyre.com\/?page_id=13066\">Read more &rarr;<\/a><\/p>\n","protected":false},"author":1,"featured_media":0,"parent":0,"menu_order":0,"comment_status":"closed","ping_status":"closed","template":"","meta":{"spay_email":""},"jetpack_shortlink":"https:\/\/wp.me\/P4lzfC-3oK","_links":{"self":[{"href":"http:\/\/laplumedeloiseaulyre.com\/index.php?rest_route=\/wp\/v2\/pages\/13066"}],"collection":[{"href":"http:\/\/laplumedeloiseaulyre.com\/index.php?rest_route=\/wp\/v2\/pages"}],"about":[{"href":"http:\/\/laplumedeloiseaulyre.com\/index.php?rest_route=\/wp\/v2\/types\/page"}],"author":[{"embeddable":true,"href":"http:\/\/laplumedeloiseaulyre.com\/index.php?rest_route=\/wp\/v2\/users\/1"}],"replies":[{"embeddable":true,"href":"http:\/\/laplumedeloiseaulyre.com\/index.php?rest_route=%2Fwp%2Fv2%2Fcomments&post=13066"}],"version-history":[{"count":1,"href":"http:\/\/laplumedeloiseaulyre.com\/index.php?rest_route=\/wp\/v2\/pages\/13066\/revisions"}],"predecessor-version":[{"id":13067,"href":"http:\/\/laplumedeloiseaulyre.com\/index.php?rest_route=\/wp\/v2\/pages\/13066\/revisions\/13067"}],"wp:attachment":[{"href":"http:\/\/laplumedeloiseaulyre.com\/index.php?rest_route=%2Fwp%2Fv2%2Fmedia&parent=13066"}],"curies":[{"name":"wp","href":"https:\/\/api.w.org\/{rel}","templated":true}]}}