{"id":13061,"date":"2021-07-30T14:32:42","date_gmt":"2021-07-30T14:32:42","guid":{"rendered":"http:\/\/laplumedeloiseaulyre.com\/?page_id=13061"},"modified":"2021-07-30T14:32:42","modified_gmt":"2021-07-30T14:32:42","slug":"sabinier-juniperus-sabina","status":"publish","type":"page","link":"http:\/\/laplumedeloiseaulyre.com\/?page_id=13061","title":{"rendered":"SABINIER Juniperus sabina\u00a0"},"content":{"rendered":"\n<p>Et que coule l\u2019existence en mon sang d\u2019auteur,<br>Calme et silencieuse aux plis de l\u2019astre int\u00e9rieur,\u00a0<br>Maintenant que j\u2019ai d\u00e9rob\u00e9 le Sabinier<br>Je poss\u00e8de le tison des feux inspir\u00e9s.<\/p>\n\n\n\n<p><\/p>\n","protected":false},"excerpt":{"rendered":"<p>Et que coule l\u2019existence en mon sang d\u2019auteur,Calme et silencieuse aux plis de l\u2019astre int\u00e9rieur,\u00a0Maintenant que j\u2019ai d\u00e9rob\u00e9 le SabinierJe poss\u00e8de le tison des feux inspir\u00e9s.<\/p>\n<p class=\"more-link-p\"><a class=\"more-link\" href=\"http:\/\/laplumedeloiseaulyre.com\/?page_id=13061\">Read more &rarr;<\/a><\/p>\n","protected":false},"author":1,"featured_media":0,"parent":0,"menu_order":0,"comment_status":"closed","ping_status":"closed","template":"","meta":{"spay_email":""},"jetpack_shortlink":"https:\/\/wp.me\/P4lzfC-3oF","_links":{"self":[{"href":"http:\/\/laplumedeloiseaulyre.com\/index.php?rest_route=\/wp\/v2\/pages\/13061"}],"collection":[{"href":"http:\/\/laplumedeloiseaulyre.com\/index.php?rest_route=\/wp\/v2\/pages"}],"about":[{"href":"http:\/\/laplumedeloiseaulyre.com\/index.php?rest_route=\/wp\/v2\/types\/page"}],"author":[{"embeddable":true,"href":"http:\/\/laplumedeloiseaulyre.com\/index.php?rest_route=\/wp\/v2\/users\/1"}],"replies":[{"embeddable":true,"href":"http:\/\/laplumedeloiseaulyre.com\/index.php?rest_route=%2Fwp%2Fv2%2Fcomments&post=13061"}],"version-history":[{"count":1,"href":"http:\/\/laplumedeloiseaulyre.com\/index.php?rest_route=\/wp\/v2\/pages\/13061\/revisions"}],"predecessor-version":[{"id":13062,"href":"http:\/\/laplumedeloiseaulyre.com\/index.php?rest_route=\/wp\/v2\/pages\/13061\/revisions\/13062"}],"wp:attachment":[{"href":"http:\/\/laplumedeloiseaulyre.com\/index.php?rest_route=%2Fwp%2Fv2%2Fmedia&parent=13061"}],"curies":[{"name":"wp","href":"https:\/\/api.w.org\/{rel}","templated":true}]}}