{"id":13052,"date":"2021-07-30T14:27:08","date_gmt":"2021-07-30T14:27:08","guid":{"rendered":"http:\/\/laplumedeloiseaulyre.com\/?page_id=13052"},"modified":"2021-07-30T14:27:08","modified_gmt":"2021-07-30T14:27:08","slug":"rooibos-aspalathus-linearis","status":"publish","type":"page","link":"http:\/\/laplumedeloiseaulyre.com\/?page_id=13052","title":{"rendered":"ROOIBOS Aspalathus linearis\u00a0"},"content":{"rendered":"\n<p>Rooibos, buisson rare aux \u00e9pines infus\u00e9es,<br>Tu couds au point de tige les tasses de verre<br>Avec les aiguilles de ta saveur fruit\u00e9e,<br>Boisson qui fermente en rougissant les th\u00e9i\u00e8res.<\/p>\n\n\n\n<p><\/p>\n","protected":false},"excerpt":{"rendered":"<p>Rooibos, buisson rare aux \u00e9pines infus\u00e9es,Tu couds au point de tige les tasses de verreAvec les aiguilles de ta saveur fruit\u00e9e,Boisson qui fermente en rougissant les th\u00e9i\u00e8res.<\/p>\n<p class=\"more-link-p\"><a class=\"more-link\" href=\"http:\/\/laplumedeloiseaulyre.com\/?page_id=13052\">Read more &rarr;<\/a><\/p>\n","protected":false},"author":1,"featured_media":0,"parent":0,"menu_order":0,"comment_status":"closed","ping_status":"closed","template":"","meta":{"spay_email":""},"jetpack_shortlink":"https:\/\/wp.me\/P4lzfC-3ow","_links":{"self":[{"href":"http:\/\/laplumedeloiseaulyre.com\/index.php?rest_route=\/wp\/v2\/pages\/13052"}],"collection":[{"href":"http:\/\/laplumedeloiseaulyre.com\/index.php?rest_route=\/wp\/v2\/pages"}],"about":[{"href":"http:\/\/laplumedeloiseaulyre.com\/index.php?rest_route=\/wp\/v2\/types\/page"}],"author":[{"embeddable":true,"href":"http:\/\/laplumedeloiseaulyre.com\/index.php?rest_route=\/wp\/v2\/users\/1"}],"replies":[{"embeddable":true,"href":"http:\/\/laplumedeloiseaulyre.com\/index.php?rest_route=%2Fwp%2Fv2%2Fcomments&post=13052"}],"version-history":[{"count":1,"href":"http:\/\/laplumedeloiseaulyre.com\/index.php?rest_route=\/wp\/v2\/pages\/13052\/revisions"}],"predecessor-version":[{"id":13053,"href":"http:\/\/laplumedeloiseaulyre.com\/index.php?rest_route=\/wp\/v2\/pages\/13052\/revisions\/13053"}],"wp:attachment":[{"href":"http:\/\/laplumedeloiseaulyre.com\/index.php?rest_route=%2Fwp%2Fv2%2Fmedia&parent=13052"}],"curies":[{"name":"wp","href":"https:\/\/api.w.org\/{rel}","templated":true}]}}