{"id":13049,"date":"2021-07-30T14:24:49","date_gmt":"2021-07-30T14:24:49","guid":{"rendered":"http:\/\/laplumedeloiseaulyre.com\/?page_id=13049"},"modified":"2021-07-30T14:24:49","modified_gmt":"2021-07-30T14:24:49","slug":"reine-des-alpes-eryngium-alpinum","status":"publish","type":"page","link":"http:\/\/laplumedeloiseaulyre.com\/?page_id=13049","title":{"rendered":"REINE DES ALPES Eryngium alpinum\u00a0"},"content":{"rendered":"\n<p>Tu sens les herbes fra\u00eeches ma Reine des Alpes,<br>Les effluves des mousses, les sons des for\u00eats,<br>L\u2019air des prairies de fauche o\u00f9 tu \u00e9tends ta cape<br>Au creux des vall\u00e9es o\u00f9 les chamois font le guet.\u00a0\u00a0<\/p>\n\n\n\n<p><\/p>\n","protected":false},"excerpt":{"rendered":"<p>Tu sens les herbes fra\u00eeches ma Reine des Alpes,Les effluves des mousses, les sons des for\u00eats,L\u2019air des prairies de fauche o\u00f9 tu \u00e9tends ta capeAu creux des vall\u00e9es o\u00f9 les chamois font le guet.\u00a0\u00a0<\/p>\n<p class=\"more-link-p\"><a class=\"more-link\" href=\"http:\/\/laplumedeloiseaulyre.com\/?page_id=13049\">Read more &rarr;<\/a><\/p>\n","protected":false},"author":1,"featured_media":0,"parent":0,"menu_order":0,"comment_status":"closed","ping_status":"closed","template":"","meta":{"spay_email":""},"jetpack_shortlink":"https:\/\/wp.me\/P4lzfC-3ot","_links":{"self":[{"href":"http:\/\/laplumedeloiseaulyre.com\/index.php?rest_route=\/wp\/v2\/pages\/13049"}],"collection":[{"href":"http:\/\/laplumedeloiseaulyre.com\/index.php?rest_route=\/wp\/v2\/pages"}],"about":[{"href":"http:\/\/laplumedeloiseaulyre.com\/index.php?rest_route=\/wp\/v2\/types\/page"}],"author":[{"embeddable":true,"href":"http:\/\/laplumedeloiseaulyre.com\/index.php?rest_route=\/wp\/v2\/users\/1"}],"replies":[{"embeddable":true,"href":"http:\/\/laplumedeloiseaulyre.com\/index.php?rest_route=%2Fwp%2Fv2%2Fcomments&post=13049"}],"version-history":[{"count":1,"href":"http:\/\/laplumedeloiseaulyre.com\/index.php?rest_route=\/wp\/v2\/pages\/13049\/revisions"}],"predecessor-version":[{"id":13050,"href":"http:\/\/laplumedeloiseaulyre.com\/index.php?rest_route=\/wp\/v2\/pages\/13049\/revisions\/13050"}],"wp:attachment":[{"href":"http:\/\/laplumedeloiseaulyre.com\/index.php?rest_route=%2Fwp%2Fv2%2Fmedia&parent=13049"}],"curies":[{"name":"wp","href":"https:\/\/api.w.org\/{rel}","templated":true}]}}