{"id":13046,"date":"2021-07-30T14:23:07","date_gmt":"2021-07-30T14:23:07","guid":{"rendered":"http:\/\/laplumedeloiseaulyre.com\/?page_id=13046"},"modified":"2021-07-30T14:23:07","modified_gmt":"2021-07-30T14:23:07","slug":"ravensare-aromatique-ravensara-aromatica","status":"publish","type":"page","link":"http:\/\/laplumedeloiseaulyre.com\/?page_id=13046","title":{"rendered":"RAVENSARE AROMATIQUE Ravensara aromatica\u00a0"},"content":{"rendered":"\n<p>Je ne veux plus aimer que le Ravensare\u00a0<br>Artiste \u00e9loquent des fatigues camphr\u00e9es,<br>Arbre aux bonnes feuilles qui soigne et r\u00e9pare,<br>Frissonnant d\u2019huiles malgaches respir\u00e9es.<\/p>\n\n\n\n<p><\/p>\n","protected":false},"excerpt":{"rendered":"<p>Je ne veux plus aimer que le Ravensare\u00a0Artiste \u00e9loquent des fatigues camphr\u00e9es,Arbre aux bonnes feuilles qui soigne et r\u00e9pare,Frissonnant d\u2019huiles malgaches respir\u00e9es.<\/p>\n<p class=\"more-link-p\"><a class=\"more-link\" href=\"http:\/\/laplumedeloiseaulyre.com\/?page_id=13046\">Read more &rarr;<\/a><\/p>\n","protected":false},"author":1,"featured_media":0,"parent":0,"menu_order":0,"comment_status":"closed","ping_status":"closed","template":"","meta":{"spay_email":""},"jetpack_shortlink":"https:\/\/wp.me\/P4lzfC-3oq","_links":{"self":[{"href":"http:\/\/laplumedeloiseaulyre.com\/index.php?rest_route=\/wp\/v2\/pages\/13046"}],"collection":[{"href":"http:\/\/laplumedeloiseaulyre.com\/index.php?rest_route=\/wp\/v2\/pages"}],"about":[{"href":"http:\/\/laplumedeloiseaulyre.com\/index.php?rest_route=\/wp\/v2\/types\/page"}],"author":[{"embeddable":true,"href":"http:\/\/laplumedeloiseaulyre.com\/index.php?rest_route=\/wp\/v2\/users\/1"}],"replies":[{"embeddable":true,"href":"http:\/\/laplumedeloiseaulyre.com\/index.php?rest_route=%2Fwp%2Fv2%2Fcomments&post=13046"}],"version-history":[{"count":1,"href":"http:\/\/laplumedeloiseaulyre.com\/index.php?rest_route=\/wp\/v2\/pages\/13046\/revisions"}],"predecessor-version":[{"id":13047,"href":"http:\/\/laplumedeloiseaulyre.com\/index.php?rest_route=\/wp\/v2\/pages\/13046\/revisions\/13047"}],"wp:attachment":[{"href":"http:\/\/laplumedeloiseaulyre.com\/index.php?rest_route=%2Fwp%2Fv2%2Fmedia&parent=13046"}],"curies":[{"name":"wp","href":"https:\/\/api.w.org\/{rel}","templated":true}]}}