{"id":13041,"date":"2021-07-30T14:19:07","date_gmt":"2021-07-30T14:19:07","guid":{"rendered":"http:\/\/laplumedeloiseaulyre.com\/?page_id=13041"},"modified":"2021-07-30T14:19:07","modified_gmt":"2021-07-30T14:19:07","slug":"quinoa-chenopodium-quinoa","status":"publish","type":"page","link":"http:\/\/laplumedeloiseaulyre.com\/?page_id=13041","title":{"rendered":"QUINOA Chenopodium quinoa\u00a0"},"content":{"rendered":"\n<p>Pseudo-c\u00e9r\u00e9ale pour repas sans gluten,\u00a0<br>Le Quinoa fait de l\u2019\u0153il aux v\u00e9g\u00e9tariens<br>Gonflant ses muscles mous d\u2019agriculteur andin<br>Apr\u00e8s s\u2019\u00eatre gorg\u00e9 d\u2019eau claire \u00e0 la fontaine.<\/p>\n\n\n\n<p><\/p>\n","protected":false},"excerpt":{"rendered":"<p>Pseudo-c\u00e9r\u00e9ale pour repas sans gluten,\u00a0Le Quinoa fait de l\u2019\u0153il aux v\u00e9g\u00e9tariensGonflant ses muscles mous d\u2019agriculteur andinApr\u00e8s s\u2019\u00eatre gorg\u00e9 d\u2019eau claire \u00e0 la fontaine.<\/p>\n<p class=\"more-link-p\"><a class=\"more-link\" href=\"http:\/\/laplumedeloiseaulyre.com\/?page_id=13041\">Read more &rarr;<\/a><\/p>\n","protected":false},"author":1,"featured_media":0,"parent":0,"menu_order":0,"comment_status":"closed","ping_status":"closed","template":"","meta":{"spay_email":""},"jetpack_shortlink":"https:\/\/wp.me\/P4lzfC-3ol","_links":{"self":[{"href":"http:\/\/laplumedeloiseaulyre.com\/index.php?rest_route=\/wp\/v2\/pages\/13041"}],"collection":[{"href":"http:\/\/laplumedeloiseaulyre.com\/index.php?rest_route=\/wp\/v2\/pages"}],"about":[{"href":"http:\/\/laplumedeloiseaulyre.com\/index.php?rest_route=\/wp\/v2\/types\/page"}],"author":[{"embeddable":true,"href":"http:\/\/laplumedeloiseaulyre.com\/index.php?rest_route=\/wp\/v2\/users\/1"}],"replies":[{"embeddable":true,"href":"http:\/\/laplumedeloiseaulyre.com\/index.php?rest_route=%2Fwp%2Fv2%2Fcomments&post=13041"}],"version-history":[{"count":1,"href":"http:\/\/laplumedeloiseaulyre.com\/index.php?rest_route=\/wp\/v2\/pages\/13041\/revisions"}],"predecessor-version":[{"id":13042,"href":"http:\/\/laplumedeloiseaulyre.com\/index.php?rest_route=\/wp\/v2\/pages\/13041\/revisions\/13042"}],"wp:attachment":[{"href":"http:\/\/laplumedeloiseaulyre.com\/index.php?rest_route=%2Fwp%2Fv2%2Fmedia&parent=13041"}],"curies":[{"name":"wp","href":"https:\/\/api.w.org\/{rel}","templated":true}]}}