{"id":13036,"date":"2021-07-30T14:15:19","date_gmt":"2021-07-30T14:15:19","guid":{"rendered":"http:\/\/laplumedeloiseaulyre.com\/?page_id=13036"},"modified":"2021-07-30T14:15:19","modified_gmt":"2021-07-30T14:15:19","slug":"pulicaire-dysenterique-pulicaria-dysenterica","status":"publish","type":"page","link":"http:\/\/laplumedeloiseaulyre.com\/?page_id=13036","title":{"rendered":"PULICAIRE DYSENT\u00c9RIQUE Pulicaria dysenterica\u00a0"},"content":{"rendered":"\n<p>La Pulicaire dysent\u00e9rique, laineuse,<br>Porte deux oreillettes bien d\u00e9velopp\u00e9es,<br>Un pull de mohair vert en tiges tomenteuses<br>Un aspect tr\u00e8s digne malgr\u00e9 sa pauvret\u00e9.<\/p>\n\n\n\n<p><\/p>\n","protected":false},"excerpt":{"rendered":"<p>La Pulicaire dysent\u00e9rique, laineuse,Porte deux oreillettes bien d\u00e9velopp\u00e9es,Un pull de mohair vert en tiges tomenteusesUn aspect tr\u00e8s digne malgr\u00e9 sa pauvret\u00e9.<\/p>\n<p class=\"more-link-p\"><a class=\"more-link\" href=\"http:\/\/laplumedeloiseaulyre.com\/?page_id=13036\">Read more &rarr;<\/a><\/p>\n","protected":false},"author":1,"featured_media":0,"parent":0,"menu_order":0,"comment_status":"closed","ping_status":"closed","template":"","meta":{"spay_email":""},"jetpack_shortlink":"https:\/\/wp.me\/P4lzfC-3og","_links":{"self":[{"href":"http:\/\/laplumedeloiseaulyre.com\/index.php?rest_route=\/wp\/v2\/pages\/13036"}],"collection":[{"href":"http:\/\/laplumedeloiseaulyre.com\/index.php?rest_route=\/wp\/v2\/pages"}],"about":[{"href":"http:\/\/laplumedeloiseaulyre.com\/index.php?rest_route=\/wp\/v2\/types\/page"}],"author":[{"embeddable":true,"href":"http:\/\/laplumedeloiseaulyre.com\/index.php?rest_route=\/wp\/v2\/users\/1"}],"replies":[{"embeddable":true,"href":"http:\/\/laplumedeloiseaulyre.com\/index.php?rest_route=%2Fwp%2Fv2%2Fcomments&post=13036"}],"version-history":[{"count":1,"href":"http:\/\/laplumedeloiseaulyre.com\/index.php?rest_route=\/wp\/v2\/pages\/13036\/revisions"}],"predecessor-version":[{"id":13037,"href":"http:\/\/laplumedeloiseaulyre.com\/index.php?rest_route=\/wp\/v2\/pages\/13036\/revisions\/13037"}],"wp:attachment":[{"href":"http:\/\/laplumedeloiseaulyre.com\/index.php?rest_route=%2Fwp%2Fv2%2Fmedia&parent=13036"}],"curies":[{"name":"wp","href":"https:\/\/api.w.org\/{rel}","templated":true}]}}