{"id":13027,"date":"2021-07-30T14:06:43","date_gmt":"2021-07-30T14:06:43","guid":{"rendered":"http:\/\/laplumedeloiseaulyre.com\/?page_id=13027"},"modified":"2021-07-30T14:06:43","modified_gmt":"2021-07-30T14:06:43","slug":"pitaya-hylocereus-undatus","status":"publish","type":"page","link":"http:\/\/laplumedeloiseaulyre.com\/?page_id=13027","title":{"rendered":"PITAYA Hylocereus undatus\u00a0"},"content":{"rendered":"\n<p>Avec la pers\u00e9v\u00e9rance m\u00fbrit l\u2019essence<br>Du Pitaya avant qu\u2019il ne se perde en fruit,<br>Avant qu\u2019il ne d\u00e9sapprenne l\u2019effervescence<br>De son parfum sanguin de dragon qui rosit.\u00a0\u00a0<\/p>\n\n\n\n<p><\/p>\n","protected":false},"excerpt":{"rendered":"<p>Avec la pers\u00e9v\u00e9rance m\u00fbrit l\u2019essenceDu Pitaya avant qu\u2019il ne se perde en fruit,Avant qu\u2019il ne d\u00e9sapprenne l\u2019effervescenceDe son parfum sanguin de dragon qui rosit.\u00a0\u00a0<\/p>\n<p class=\"more-link-p\"><a class=\"more-link\" href=\"http:\/\/laplumedeloiseaulyre.com\/?page_id=13027\">Read more &rarr;<\/a><\/p>\n","protected":false},"author":1,"featured_media":0,"parent":0,"menu_order":0,"comment_status":"closed","ping_status":"closed","template":"","meta":{"spay_email":""},"jetpack_shortlink":"https:\/\/wp.me\/P4lzfC-3o7","_links":{"self":[{"href":"http:\/\/laplumedeloiseaulyre.com\/index.php?rest_route=\/wp\/v2\/pages\/13027"}],"collection":[{"href":"http:\/\/laplumedeloiseaulyre.com\/index.php?rest_route=\/wp\/v2\/pages"}],"about":[{"href":"http:\/\/laplumedeloiseaulyre.com\/index.php?rest_route=\/wp\/v2\/types\/page"}],"author":[{"embeddable":true,"href":"http:\/\/laplumedeloiseaulyre.com\/index.php?rest_route=\/wp\/v2\/users\/1"}],"replies":[{"embeddable":true,"href":"http:\/\/laplumedeloiseaulyre.com\/index.php?rest_route=%2Fwp%2Fv2%2Fcomments&post=13027"}],"version-history":[{"count":1,"href":"http:\/\/laplumedeloiseaulyre.com\/index.php?rest_route=\/wp\/v2\/pages\/13027\/revisions"}],"predecessor-version":[{"id":13028,"href":"http:\/\/laplumedeloiseaulyre.com\/index.php?rest_route=\/wp\/v2\/pages\/13027\/revisions\/13028"}],"wp:attachment":[{"href":"http:\/\/laplumedeloiseaulyre.com\/index.php?rest_route=%2Fwp%2Fv2%2Fmedia&parent=13027"}],"curies":[{"name":"wp","href":"https:\/\/api.w.org\/{rel}","templated":true}]}}