{"id":13020,"date":"2021-07-30T13:59:14","date_gmt":"2021-07-30T13:59:14","guid":{"rendered":"http:\/\/laplumedeloiseaulyre.com\/?page_id=13020"},"modified":"2022-02-16T22:36:29","modified_gmt":"2022-02-16T22:36:29","slug":"petite-eragrostide-eragrostris-minor","status":"publish","type":"page","link":"http:\/\/laplumedeloiseaulyre.com\/?page_id=13020","title":{"rendered":"PETITE ERAGROSTIDE Eragrostis minor\u00a0"},"content":{"rendered":"\n<p>Nous ne savons pas de quelle \u00e9toffe est tiss\u00e9e&nbsp;<br>La Petite Eragrostide qui tient son cap&nbsp;<br>Lan\u00e7ant sur les graviers, \u00e9tape apr\u00e8s \u00e9tape,<br>La car\u00e8ne de ses \u00e9pillets obstin\u00e9s.<\/p>\n","protected":false},"excerpt":{"rendered":"<p>Nous ne savons pas de quelle \u00e9toffe est tiss\u00e9e&nbsp;La Petite Eragrostide qui tient son cap&nbsp;Lan\u00e7ant sur les graviers, \u00e9tape apr\u00e8s \u00e9tape,La car\u00e8ne de ses \u00e9pillets obstin\u00e9s.<\/p>\n<p class=\"more-link-p\"><a class=\"more-link\" href=\"http:\/\/laplumedeloiseaulyre.com\/?page_id=13020\">Read more &rarr;<\/a><\/p>\n","protected":false},"author":1,"featured_media":0,"parent":0,"menu_order":0,"comment_status":"closed","ping_status":"closed","template":"","meta":{"spay_email":""},"jetpack_shortlink":"https:\/\/wp.me\/P4lzfC-3o0","_links":{"self":[{"href":"http:\/\/laplumedeloiseaulyre.com\/index.php?rest_route=\/wp\/v2\/pages\/13020"}],"collection":[{"href":"http:\/\/laplumedeloiseaulyre.com\/index.php?rest_route=\/wp\/v2\/pages"}],"about":[{"href":"http:\/\/laplumedeloiseaulyre.com\/index.php?rest_route=\/wp\/v2\/types\/page"}],"author":[{"embeddable":true,"href":"http:\/\/laplumedeloiseaulyre.com\/index.php?rest_route=\/wp\/v2\/users\/1"}],"replies":[{"embeddable":true,"href":"http:\/\/laplumedeloiseaulyre.com\/index.php?rest_route=%2Fwp%2Fv2%2Fcomments&post=13020"}],"version-history":[{"count":2,"href":"http:\/\/laplumedeloiseaulyre.com\/index.php?rest_route=\/wp\/v2\/pages\/13020\/revisions"}],"predecessor-version":[{"id":13625,"href":"http:\/\/laplumedeloiseaulyre.com\/index.php?rest_route=\/wp\/v2\/pages\/13020\/revisions\/13625"}],"wp:attachment":[{"href":"http:\/\/laplumedeloiseaulyre.com\/index.php?rest_route=%2Fwp%2Fv2%2Fmedia&parent=13020"}],"curies":[{"name":"wp","href":"https:\/\/api.w.org\/{rel}","templated":true}]}}