{"id":13017,"date":"2021-07-30T13:58:01","date_gmt":"2021-07-30T13:58:01","guid":{"rendered":"http:\/\/laplumedeloiseaulyre.com\/?page_id=13017"},"modified":"2021-07-30T13:58:01","modified_gmt":"2021-07-30T13:58:01","slug":"pervenche-de-madagascar-catharanthus-roseus","status":"publish","type":"page","link":"http:\/\/laplumedeloiseaulyre.com\/?page_id=13017","title":{"rendered":"PERVENCHE DE MADAGASCAR Catharanthus roseus\u00a0"},"content":{"rendered":"\n<p>Nous te cacherons loin, bien loin de toute foule,<br>H\u00e9ro\u00efque Pervenche de Madagascar,<br>Pour que nul ne d\u00e9couvre tes bienfaits si rares,<br>Pour que nul ne te cueille, que nul ne te foule.<\/p>\n\n\n\n<p><\/p>\n","protected":false},"excerpt":{"rendered":"<p>Nous te cacherons loin, bien loin de toute foule,H\u00e9ro\u00efque Pervenche de Madagascar,Pour que nul ne d\u00e9couvre tes bienfaits si rares,Pour que nul ne te cueille, que nul ne te foule.<\/p>\n<p class=\"more-link-p\"><a class=\"more-link\" href=\"http:\/\/laplumedeloiseaulyre.com\/?page_id=13017\">Read more &rarr;<\/a><\/p>\n","protected":false},"author":1,"featured_media":0,"parent":0,"menu_order":0,"comment_status":"closed","ping_status":"closed","template":"","meta":{"spay_email":""},"jetpack_shortlink":"https:\/\/wp.me\/P4lzfC-3nX","_links":{"self":[{"href":"http:\/\/laplumedeloiseaulyre.com\/index.php?rest_route=\/wp\/v2\/pages\/13017"}],"collection":[{"href":"http:\/\/laplumedeloiseaulyre.com\/index.php?rest_route=\/wp\/v2\/pages"}],"about":[{"href":"http:\/\/laplumedeloiseaulyre.com\/index.php?rest_route=\/wp\/v2\/types\/page"}],"author":[{"embeddable":true,"href":"http:\/\/laplumedeloiseaulyre.com\/index.php?rest_route=\/wp\/v2\/users\/1"}],"replies":[{"embeddable":true,"href":"http:\/\/laplumedeloiseaulyre.com\/index.php?rest_route=%2Fwp%2Fv2%2Fcomments&post=13017"}],"version-history":[{"count":1,"href":"http:\/\/laplumedeloiseaulyre.com\/index.php?rest_route=\/wp\/v2\/pages\/13017\/revisions"}],"predecessor-version":[{"id":13018,"href":"http:\/\/laplumedeloiseaulyre.com\/index.php?rest_route=\/wp\/v2\/pages\/13017\/revisions\/13018"}],"wp:attachment":[{"href":"http:\/\/laplumedeloiseaulyre.com\/index.php?rest_route=%2Fwp%2Fv2%2Fmedia&parent=13017"}],"curies":[{"name":"wp","href":"https:\/\/api.w.org\/{rel}","templated":true}]}}