{"id":13005,"date":"2021-07-30T13:47:28","date_gmt":"2021-07-30T13:47:28","guid":{"rendered":"http:\/\/laplumedeloiseaulyre.com\/?page_id=13005"},"modified":"2021-07-30T13:47:28","modified_gmt":"2021-07-30T13:47:28","slug":"panic-capillaire-panicum-capillare","status":"publish","type":"page","link":"http:\/\/laplumedeloiseaulyre.com\/?page_id=13005","title":{"rendered":"PANIC CAPILLAIRE Panicum capillare"},"content":{"rendered":"\n<p>Chaque ann\u00e9e, quand survient son \u00e9piaison solaire,<br>Le Panic fait le d\u00e9sespoir du paysan<br>Quand il pr\u00e9sente sa cascade capillaire<br>Comme une casquette de poils envahissants.<\/p>\n\n\n\n<p><\/p>\n","protected":false},"excerpt":{"rendered":"<p>Chaque ann\u00e9e, quand survient son \u00e9piaison solaire,Le Panic fait le d\u00e9sespoir du paysanQuand il pr\u00e9sente sa cascade capillaireComme une casquette de poils envahissants.<\/p>\n<p class=\"more-link-p\"><a class=\"more-link\" href=\"http:\/\/laplumedeloiseaulyre.com\/?page_id=13005\">Read more &rarr;<\/a><\/p>\n","protected":false},"author":1,"featured_media":0,"parent":0,"menu_order":0,"comment_status":"closed","ping_status":"closed","template":"","meta":{"spay_email":""},"jetpack_shortlink":"https:\/\/wp.me\/P4lzfC-3nL","_links":{"self":[{"href":"http:\/\/laplumedeloiseaulyre.com\/index.php?rest_route=\/wp\/v2\/pages\/13005"}],"collection":[{"href":"http:\/\/laplumedeloiseaulyre.com\/index.php?rest_route=\/wp\/v2\/pages"}],"about":[{"href":"http:\/\/laplumedeloiseaulyre.com\/index.php?rest_route=\/wp\/v2\/types\/page"}],"author":[{"embeddable":true,"href":"http:\/\/laplumedeloiseaulyre.com\/index.php?rest_route=\/wp\/v2\/users\/1"}],"replies":[{"embeddable":true,"href":"http:\/\/laplumedeloiseaulyre.com\/index.php?rest_route=%2Fwp%2Fv2%2Fcomments&post=13005"}],"version-history":[{"count":1,"href":"http:\/\/laplumedeloiseaulyre.com\/index.php?rest_route=\/wp\/v2\/pages\/13005\/revisions"}],"predecessor-version":[{"id":13006,"href":"http:\/\/laplumedeloiseaulyre.com\/index.php?rest_route=\/wp\/v2\/pages\/13005\/revisions\/13006"}],"wp:attachment":[{"href":"http:\/\/laplumedeloiseaulyre.com\/index.php?rest_route=%2Fwp%2Fv2%2Fmedia&parent=13005"}],"curies":[{"name":"wp","href":"https:\/\/api.w.org\/{rel}","templated":true}]}}