{"id":13002,"date":"2021-07-30T13:43:49","date_gmt":"2021-07-30T13:43:49","guid":{"rendered":"http:\/\/laplumedeloiseaulyre.com\/?page_id=13002"},"modified":"2022-02-25T01:07:34","modified_gmt":"2022-02-25T01:07:34","slug":"osmonde-royale-osmunda-regalis","status":"publish","type":"page","link":"http:\/\/laplumedeloiseaulyre.com\/?page_id=13002","title":{"rendered":"OSMONDE ROYALE Osmunda regalis\u00a0"},"content":{"rendered":"\n<p>Ses ailes pr\u00eates \u00e0 la parade nuptiale,<br>Sa fronde et sa crosse de m\u00e9tal cliquetant,<br>S\u2019\u00e9ventait un lophophore resplendissant<br>Avec la souplesse d\u2019une Osmonde royale.<\/p>\n\n\n\n<p><\/p>\n","protected":false},"excerpt":{"rendered":"<p>Ses ailes pr\u00eates \u00e0 la parade nuptiale,Sa fronde et sa crosse de m\u00e9tal cliquetant,S\u2019\u00e9ventait un lophophore resplendissantAvec la souplesse d\u2019une Osmonde royale.<\/p>\n<p class=\"more-link-p\"><a class=\"more-link\" href=\"http:\/\/laplumedeloiseaulyre.com\/?page_id=13002\">Read more &rarr;<\/a><\/p>\n","protected":false},"author":1,"featured_media":0,"parent":0,"menu_order":0,"comment_status":"closed","ping_status":"closed","template":"","meta":{"spay_email":""},"jetpack_shortlink":"https:\/\/wp.me\/P4lzfC-3nI","_links":{"self":[{"href":"http:\/\/laplumedeloiseaulyre.com\/index.php?rest_route=\/wp\/v2\/pages\/13002"}],"collection":[{"href":"http:\/\/laplumedeloiseaulyre.com\/index.php?rest_route=\/wp\/v2\/pages"}],"about":[{"href":"http:\/\/laplumedeloiseaulyre.com\/index.php?rest_route=\/wp\/v2\/types\/page"}],"author":[{"embeddable":true,"href":"http:\/\/laplumedeloiseaulyre.com\/index.php?rest_route=\/wp\/v2\/users\/1"}],"replies":[{"embeddable":true,"href":"http:\/\/laplumedeloiseaulyre.com\/index.php?rest_route=%2Fwp%2Fv2%2Fcomments&post=13002"}],"version-history":[{"count":2,"href":"http:\/\/laplumedeloiseaulyre.com\/index.php?rest_route=\/wp\/v2\/pages\/13002\/revisions"}],"predecessor-version":[{"id":13700,"href":"http:\/\/laplumedeloiseaulyre.com\/index.php?rest_route=\/wp\/v2\/pages\/13002\/revisions\/13700"}],"wp:attachment":[{"href":"http:\/\/laplumedeloiseaulyre.com\/index.php?rest_route=%2Fwp%2Fv2%2Fmedia&parent=13002"}],"curies":[{"name":"wp","href":"https:\/\/api.w.org\/{rel}","templated":true}]}}