{"id":12994,"date":"2021-07-30T13:37:15","date_gmt":"2021-07-30T13:37:15","guid":{"rendered":"http:\/\/laplumedeloiseaulyre.com\/?page_id=12994"},"modified":"2021-07-30T13:37:15","modified_gmt":"2021-07-30T13:37:15","slug":"orchis-parfume-anacamptis-fragrans","status":"publish","type":"page","link":"http:\/\/laplumedeloiseaulyre.com\/?page_id=12994","title":{"rendered":"ORCHIS PARFUM\u00c9 Anacamptis fragrans\u00a0"},"content":{"rendered":"\n<p>Ton parfum sur mon gant a laiss\u00e9 son empreinte,<br>Bel Orchis vanill\u00e9, l\u2019intriguant des Altesses,<br>Toi dont la fragrance r\u00e9pond \u00e0 ma tendresse\u00a0<br>\u00c0 l\u2019ombre exsud\u00e9e du biblique t\u00e9r\u00e9binthe.<\/p>\n","protected":false},"excerpt":{"rendered":"<p>Ton parfum sur mon gant a laiss\u00e9 son empreinte,Bel Orchis vanill\u00e9, l\u2019intriguant des Altesses,Toi dont la fragrance r\u00e9pond \u00e0 ma tendresse\u00a0\u00c0 l\u2019ombre exsud\u00e9e du biblique t\u00e9r\u00e9binthe.<\/p>\n<p class=\"more-link-p\"><a class=\"more-link\" href=\"http:\/\/laplumedeloiseaulyre.com\/?page_id=12994\">Read more &rarr;<\/a><\/p>\n","protected":false},"author":1,"featured_media":0,"parent":0,"menu_order":0,"comment_status":"closed","ping_status":"closed","template":"","meta":{"spay_email":""},"jetpack_shortlink":"https:\/\/wp.me\/P4lzfC-3nA","_links":{"self":[{"href":"http:\/\/laplumedeloiseaulyre.com\/index.php?rest_route=\/wp\/v2\/pages\/12994"}],"collection":[{"href":"http:\/\/laplumedeloiseaulyre.com\/index.php?rest_route=\/wp\/v2\/pages"}],"about":[{"href":"http:\/\/laplumedeloiseaulyre.com\/index.php?rest_route=\/wp\/v2\/types\/page"}],"author":[{"embeddable":true,"href":"http:\/\/laplumedeloiseaulyre.com\/index.php?rest_route=\/wp\/v2\/users\/1"}],"replies":[{"embeddable":true,"href":"http:\/\/laplumedeloiseaulyre.com\/index.php?rest_route=%2Fwp%2Fv2%2Fcomments&post=12994"}],"version-history":[{"count":1,"href":"http:\/\/laplumedeloiseaulyre.com\/index.php?rest_route=\/wp\/v2\/pages\/12994\/revisions"}],"predecessor-version":[{"id":12995,"href":"http:\/\/laplumedeloiseaulyre.com\/index.php?rest_route=\/wp\/v2\/pages\/12994\/revisions\/12995"}],"wp:attachment":[{"href":"http:\/\/laplumedeloiseaulyre.com\/index.php?rest_route=%2Fwp%2Fv2%2Fmedia&parent=12994"}],"curies":[{"name":"wp","href":"https:\/\/api.w.org\/{rel}","templated":true}]}}