{"id":12981,"date":"2021-07-30T13:23:42","date_gmt":"2021-07-30T13:23:42","guid":{"rendered":"http:\/\/laplumedeloiseaulyre.com\/?page_id=12981"},"modified":"2021-07-30T13:23:42","modified_gmt":"2021-07-30T13:23:42","slug":"obione-halimione-portulacoides","status":"publish","type":"page","link":"http:\/\/laplumedeloiseaulyre.com\/?page_id=12981","title":{"rendered":"OBIONE Halimione portulacoides"},"content":{"rendered":"\n<p>Obione des sablonni\u00e8res de l\u2019oc\u00e9an,<br>Pourpier des pr\u00e9s sal\u00e9s et des limons fertiles,<br>Tu couches ta tige au creux des vases labiles<br>Que t\u2019offrent les vagues retir\u00e9es des brisants.<\/p>\n\n\n\n<p><\/p>\n","protected":false},"excerpt":{"rendered":"<p>Obione des sablonni\u00e8res de l\u2019oc\u00e9an,Pourpier des pr\u00e9s sal\u00e9s et des limons fertiles,Tu couches ta tige au creux des vases labilesQue t\u2019offrent les vagues retir\u00e9es des brisants.<\/p>\n<p class=\"more-link-p\"><a class=\"more-link\" href=\"http:\/\/laplumedeloiseaulyre.com\/?page_id=12981\">Read more &rarr;<\/a><\/p>\n","protected":false},"author":1,"featured_media":0,"parent":0,"menu_order":0,"comment_status":"closed","ping_status":"closed","template":"","meta":{"spay_email":""},"jetpack_shortlink":"https:\/\/wp.me\/P4lzfC-3nn","_links":{"self":[{"href":"http:\/\/laplumedeloiseaulyre.com\/index.php?rest_route=\/wp\/v2\/pages\/12981"}],"collection":[{"href":"http:\/\/laplumedeloiseaulyre.com\/index.php?rest_route=\/wp\/v2\/pages"}],"about":[{"href":"http:\/\/laplumedeloiseaulyre.com\/index.php?rest_route=\/wp\/v2\/types\/page"}],"author":[{"embeddable":true,"href":"http:\/\/laplumedeloiseaulyre.com\/index.php?rest_route=\/wp\/v2\/users\/1"}],"replies":[{"embeddable":true,"href":"http:\/\/laplumedeloiseaulyre.com\/index.php?rest_route=%2Fwp%2Fv2%2Fcomments&post=12981"}],"version-history":[{"count":1,"href":"http:\/\/laplumedeloiseaulyre.com\/index.php?rest_route=\/wp\/v2\/pages\/12981\/revisions"}],"predecessor-version":[{"id":12982,"href":"http:\/\/laplumedeloiseaulyre.com\/index.php?rest_route=\/wp\/v2\/pages\/12981\/revisions\/12982"}],"wp:attachment":[{"href":"http:\/\/laplumedeloiseaulyre.com\/index.php?rest_route=%2Fwp%2Fv2%2Fmedia&parent=12981"}],"curies":[{"name":"wp","href":"https:\/\/api.w.org\/{rel}","templated":true}]}}