{"id":12975,"date":"2021-07-28T22:55:16","date_gmt":"2021-07-28T22:55:16","guid":{"rendered":"http:\/\/laplumedeloiseaulyre.com\/?page_id=12975"},"modified":"2021-07-28T22:58:03","modified_gmt":"2021-07-28T22:58:03","slug":"mouron-bleu-anagallis-arvensis","status":"publish","type":"page","link":"http:\/\/laplumedeloiseaulyre.com\/?page_id=12975","title":{"rendered":"MOURON BLEU Anagallis foemina"},"content":{"rendered":"\n<p>Alors que vos mains se d\u00e9tachent et que je pleure,<br>Ayez piti\u00e9 de moi, ayez piti\u00e9 de nous,<br>Et tandis que vous allez, fort, vers d\u2019autres heures<br>Pensez, Mouron bleu, \u00e0 celle qui pense \u00e0 vous.<\/p>\n\n\n\n<p><\/p>\n","protected":false},"excerpt":{"rendered":"<p>Alors que vos mains se d\u00e9tachent et que je pleure,Ayez piti\u00e9 de moi, ayez piti\u00e9 de nous,Et tandis que vous allez, fort, vers d\u2019autres heuresPensez, Mouron bleu, \u00e0 celle qui pense \u00e0 vous.<\/p>\n<p class=\"more-link-p\"><a class=\"more-link\" href=\"http:\/\/laplumedeloiseaulyre.com\/?page_id=12975\">Read more &rarr;<\/a><\/p>\n","protected":false},"author":1,"featured_media":0,"parent":0,"menu_order":0,"comment_status":"closed","ping_status":"closed","template":"","meta":{"spay_email":""},"jetpack_shortlink":"https:\/\/wp.me\/P4lzfC-3nh","_links":{"self":[{"href":"http:\/\/laplumedeloiseaulyre.com\/index.php?rest_route=\/wp\/v2\/pages\/12975"}],"collection":[{"href":"http:\/\/laplumedeloiseaulyre.com\/index.php?rest_route=\/wp\/v2\/pages"}],"about":[{"href":"http:\/\/laplumedeloiseaulyre.com\/index.php?rest_route=\/wp\/v2\/types\/page"}],"author":[{"embeddable":true,"href":"http:\/\/laplumedeloiseaulyre.com\/index.php?rest_route=\/wp\/v2\/users\/1"}],"replies":[{"embeddable":true,"href":"http:\/\/laplumedeloiseaulyre.com\/index.php?rest_route=%2Fwp%2Fv2%2Fcomments&post=12975"}],"version-history":[{"count":2,"href":"http:\/\/laplumedeloiseaulyre.com\/index.php?rest_route=\/wp\/v2\/pages\/12975\/revisions"}],"predecessor-version":[{"id":12977,"href":"http:\/\/laplumedeloiseaulyre.com\/index.php?rest_route=\/wp\/v2\/pages\/12975\/revisions\/12977"}],"wp:attachment":[{"href":"http:\/\/laplumedeloiseaulyre.com\/index.php?rest_route=%2Fwp%2Fv2%2Fmedia&parent=12975"}],"curies":[{"name":"wp","href":"https:\/\/api.w.org\/{rel}","templated":true}]}}