{"id":12959,"date":"2021-07-28T22:07:03","date_gmt":"2021-07-28T22:07:03","guid":{"rendered":"http:\/\/laplumedeloiseaulyre.com\/?page_id=12959"},"modified":"2021-07-28T22:07:03","modified_gmt":"2021-07-28T22:07:03","slug":"malope-malope-trifida","status":"publish","type":"page","link":"http:\/\/laplumedeloiseaulyre.com\/?page_id=12959","title":{"rendered":"MALOPE Malope trifida\u00a0"},"content":{"rendered":"\n<p>Mais quel ennui que de songer sans \u00eatre,<br>Que de parler sans objet ni sujet,<br>Que de r\u00eaver \u00e0 un livre sans lettre<br>Comme la Malope au fond d\u2019un bouquet.<\/p>\n","protected":false},"excerpt":{"rendered":"<p>Mais quel ennui que de songer sans \u00eatre,Que de parler sans objet ni sujet,Que de r\u00eaver \u00e0 un livre sans lettreComme la Malope au fond d\u2019un bouquet.<\/p>\n<p class=\"more-link-p\"><a class=\"more-link\" href=\"http:\/\/laplumedeloiseaulyre.com\/?page_id=12959\">Read more &rarr;<\/a><\/p>\n","protected":false},"author":1,"featured_media":0,"parent":0,"menu_order":0,"comment_status":"closed","ping_status":"closed","template":"","meta":{"spay_email":""},"jetpack_shortlink":"https:\/\/wp.me\/P4lzfC-3n1","_links":{"self":[{"href":"http:\/\/laplumedeloiseaulyre.com\/index.php?rest_route=\/wp\/v2\/pages\/12959"}],"collection":[{"href":"http:\/\/laplumedeloiseaulyre.com\/index.php?rest_route=\/wp\/v2\/pages"}],"about":[{"href":"http:\/\/laplumedeloiseaulyre.com\/index.php?rest_route=\/wp\/v2\/types\/page"}],"author":[{"embeddable":true,"href":"http:\/\/laplumedeloiseaulyre.com\/index.php?rest_route=\/wp\/v2\/users\/1"}],"replies":[{"embeddable":true,"href":"http:\/\/laplumedeloiseaulyre.com\/index.php?rest_route=%2Fwp%2Fv2%2Fcomments&post=12959"}],"version-history":[{"count":1,"href":"http:\/\/laplumedeloiseaulyre.com\/index.php?rest_route=\/wp\/v2\/pages\/12959\/revisions"}],"predecessor-version":[{"id":12960,"href":"http:\/\/laplumedeloiseaulyre.com\/index.php?rest_route=\/wp\/v2\/pages\/12959\/revisions\/12960"}],"wp:attachment":[{"href":"http:\/\/laplumedeloiseaulyre.com\/index.php?rest_route=%2Fwp%2Fv2%2Fmedia&parent=12959"}],"curies":[{"name":"wp","href":"https:\/\/api.w.org\/{rel}","templated":true}]}}