{"id":12952,"date":"2021-07-28T21:59:01","date_gmt":"2021-07-28T21:59:01","guid":{"rendered":"http:\/\/laplumedeloiseaulyre.com\/?page_id=12952"},"modified":"2021-07-28T21:59:01","modified_gmt":"2021-07-28T21:59:01","slug":"maceron-perfolie-smyrnium-perfoliatum","status":"publish","type":"page","link":"http:\/\/laplumedeloiseaulyre.com\/?page_id=12952","title":{"rendered":"MACERON PERFOLI\u00c9 Smyrnium perfoliatum"},"content":{"rendered":"\n<p>Coup de foudre botanique dans un jardin<br>D\u2019Angleterre\u00a0: vous avez d\u2019\u00e9moi p\u00e9n\u00e9tr\u00e9<br>La Lady qui passait en soulier de satin<br>Et qui vous d\u00e9couvrit, Maceron perfoli\u00e9\u00a0!<\/p>\n\n\n\n<p><\/p>\n","protected":false},"excerpt":{"rendered":"<p>Coup de foudre botanique dans un jardinD\u2019Angleterre\u00a0: vous avez d\u2019\u00e9moi p\u00e9n\u00e9tr\u00e9La Lady qui passait en soulier de satinEt qui vous d\u00e9couvrit, Maceron perfoli\u00e9\u00a0!<\/p>\n<p class=\"more-link-p\"><a class=\"more-link\" href=\"http:\/\/laplumedeloiseaulyre.com\/?page_id=12952\">Read more &rarr;<\/a><\/p>\n","protected":false},"author":1,"featured_media":0,"parent":0,"menu_order":0,"comment_status":"closed","ping_status":"closed","template":"","meta":{"spay_email":""},"jetpack_shortlink":"https:\/\/wp.me\/P4lzfC-3mU","_links":{"self":[{"href":"http:\/\/laplumedeloiseaulyre.com\/index.php?rest_route=\/wp\/v2\/pages\/12952"}],"collection":[{"href":"http:\/\/laplumedeloiseaulyre.com\/index.php?rest_route=\/wp\/v2\/pages"}],"about":[{"href":"http:\/\/laplumedeloiseaulyre.com\/index.php?rest_route=\/wp\/v2\/types\/page"}],"author":[{"embeddable":true,"href":"http:\/\/laplumedeloiseaulyre.com\/index.php?rest_route=\/wp\/v2\/users\/1"}],"replies":[{"embeddable":true,"href":"http:\/\/laplumedeloiseaulyre.com\/index.php?rest_route=%2Fwp%2Fv2%2Fcomments&post=12952"}],"version-history":[{"count":1,"href":"http:\/\/laplumedeloiseaulyre.com\/index.php?rest_route=\/wp\/v2\/pages\/12952\/revisions"}],"predecessor-version":[{"id":12953,"href":"http:\/\/laplumedeloiseaulyre.com\/index.php?rest_route=\/wp\/v2\/pages\/12952\/revisions\/12953"}],"wp:attachment":[{"href":"http:\/\/laplumedeloiseaulyre.com\/index.php?rest_route=%2Fwp%2Fv2%2Fmedia&parent=12952"}],"curies":[{"name":"wp","href":"https:\/\/api.w.org\/{rel}","templated":true}]}}