{"id":12933,"date":"2021-07-28T21:39:08","date_gmt":"2021-07-28T21:39:08","guid":{"rendered":"http:\/\/laplumedeloiseaulyre.com\/?page_id=12933"},"modified":"2021-07-28T21:39:08","modified_gmt":"2021-07-28T21:39:08","slug":"licorne-vraie-aletris-farinosa","status":"publish","type":"page","link":"http:\/\/laplumedeloiseaulyre.com\/?page_id=12933","title":{"rendered":"LICORNE VRAIE Aletris farinosa\u00a0"},"content":{"rendered":"\n<p>Ma Licorne vraie, ma p\u00e9rilleuse \u00e9cuy\u00e8re\u00a0<br>Il faudra se battre \u00e0 deux et nous nous battrons<br>Dans les vall\u00e9es o\u00f9 s\u2019affermissent les bruy\u00e8res,<br>Toi, plante plus forte que tyrans et chardons.\u00a0<\/p>\n\n\n\n<p><\/p>\n","protected":false},"excerpt":{"rendered":"<p>Ma Licorne vraie, ma p\u00e9rilleuse \u00e9cuy\u00e8re\u00a0Il faudra se battre \u00e0 deux et nous nous battronsDans les vall\u00e9es o\u00f9 s\u2019affermissent les bruy\u00e8res,Toi, plante plus forte que tyrans et chardons.\u00a0<\/p>\n<p class=\"more-link-p\"><a class=\"more-link\" href=\"http:\/\/laplumedeloiseaulyre.com\/?page_id=12933\">Read more &rarr;<\/a><\/p>\n","protected":false},"author":1,"featured_media":0,"parent":0,"menu_order":0,"comment_status":"closed","ping_status":"closed","template":"","meta":{"spay_email":""},"jetpack_shortlink":"https:\/\/wp.me\/P4lzfC-3mB","_links":{"self":[{"href":"http:\/\/laplumedeloiseaulyre.com\/index.php?rest_route=\/wp\/v2\/pages\/12933"}],"collection":[{"href":"http:\/\/laplumedeloiseaulyre.com\/index.php?rest_route=\/wp\/v2\/pages"}],"about":[{"href":"http:\/\/laplumedeloiseaulyre.com\/index.php?rest_route=\/wp\/v2\/types\/page"}],"author":[{"embeddable":true,"href":"http:\/\/laplumedeloiseaulyre.com\/index.php?rest_route=\/wp\/v2\/users\/1"}],"replies":[{"embeddable":true,"href":"http:\/\/laplumedeloiseaulyre.com\/index.php?rest_route=%2Fwp%2Fv2%2Fcomments&post=12933"}],"version-history":[{"count":1,"href":"http:\/\/laplumedeloiseaulyre.com\/index.php?rest_route=\/wp\/v2\/pages\/12933\/revisions"}],"predecessor-version":[{"id":12934,"href":"http:\/\/laplumedeloiseaulyre.com\/index.php?rest_route=\/wp\/v2\/pages\/12933\/revisions\/12934"}],"wp:attachment":[{"href":"http:\/\/laplumedeloiseaulyre.com\/index.php?rest_route=%2Fwp%2Fv2%2Fmedia&parent=12933"}],"curies":[{"name":"wp","href":"https:\/\/api.w.org\/{rel}","templated":true}]}}