{"id":12915,"date":"2021-07-28T13:59:01","date_gmt":"2021-07-28T13:59:01","guid":{"rendered":"http:\/\/laplumedeloiseaulyre.com\/?page_id=12915"},"modified":"2021-07-28T13:59:01","modified_gmt":"2021-07-28T13:59:01","slug":"jonc-courbe-juncus-inflexus","status":"publish","type":"page","link":"http:\/\/laplumedeloiseaulyre.com\/?page_id=12915","title":{"rendered":"JONC COURB\u00c9 Juncus inflexus\u00a0"},"content":{"rendered":"\n<p>Fuyant pr\u00e9cipitamment qui me sollicite<br>Au fond des foules qui me d\u00e9parent de vous<br>Je me penche au rebord du marais illicite,<br>Courb\u00e9e comme le Jonc flexible \u00e0 mes genoux.<\/p>\n\n\n\n<p><\/p>\n","protected":false},"excerpt":{"rendered":"<p>Fuyant pr\u00e9cipitamment qui me solliciteAu fond des foules qui me d\u00e9parent de vousJe me penche au rebord du marais illicite,Courb\u00e9e comme le Jonc flexible \u00e0 mes genoux.<\/p>\n<p class=\"more-link-p\"><a class=\"more-link\" href=\"http:\/\/laplumedeloiseaulyre.com\/?page_id=12915\">Read more &rarr;<\/a><\/p>\n","protected":false},"author":1,"featured_media":0,"parent":0,"menu_order":0,"comment_status":"closed","ping_status":"closed","template":"","meta":{"spay_email":""},"jetpack_shortlink":"https:\/\/wp.me\/P4lzfC-3mj","_links":{"self":[{"href":"http:\/\/laplumedeloiseaulyre.com\/index.php?rest_route=\/wp\/v2\/pages\/12915"}],"collection":[{"href":"http:\/\/laplumedeloiseaulyre.com\/index.php?rest_route=\/wp\/v2\/pages"}],"about":[{"href":"http:\/\/laplumedeloiseaulyre.com\/index.php?rest_route=\/wp\/v2\/types\/page"}],"author":[{"embeddable":true,"href":"http:\/\/laplumedeloiseaulyre.com\/index.php?rest_route=\/wp\/v2\/users\/1"}],"replies":[{"embeddable":true,"href":"http:\/\/laplumedeloiseaulyre.com\/index.php?rest_route=%2Fwp%2Fv2%2Fcomments&post=12915"}],"version-history":[{"count":1,"href":"http:\/\/laplumedeloiseaulyre.com\/index.php?rest_route=\/wp\/v2\/pages\/12915\/revisions"}],"predecessor-version":[{"id":12916,"href":"http:\/\/laplumedeloiseaulyre.com\/index.php?rest_route=\/wp\/v2\/pages\/12915\/revisions\/12916"}],"wp:attachment":[{"href":"http:\/\/laplumedeloiseaulyre.com\/index.php?rest_route=%2Fwp%2Fv2%2Fmedia&parent=12915"}],"curies":[{"name":"wp","href":"https:\/\/api.w.org\/{rel}","templated":true}]}}