{"id":12913,"date":"2021-07-28T13:56:56","date_gmt":"2021-07-28T13:56:56","guid":{"rendered":"http:\/\/laplumedeloiseaulyre.com\/?page_id=12913"},"modified":"2021-07-28T13:56:56","modified_gmt":"2021-07-28T13:56:56","slug":"jojoba-simmondsia-chinensis","status":"publish","type":"page","link":"http:\/\/laplumedeloiseaulyre.com\/?page_id=12913","title":{"rendered":"JOJOBA Simmondsia chinensis"},"content":{"rendered":"\n<p>On m\u2019appelle \u00ab\u00a0or du d\u00e9sert\u00a0\u00bb ou \u00ab\u00a0noix de brebis\u00a0\u00bb,<br>Tant\u00f4t huile de beaut\u00e9, tant\u00f4t belle cire,<br>Ma graine ne s\u2019alt\u00e8re pas ni ne rancit,<br>Jojoba press\u00e9 \u00e0 froid, ma\u00eetre pour servir.<\/p>\n\n\n\n<p><\/p>\n","protected":false},"excerpt":{"rendered":"<p>On m\u2019appelle \u00ab\u00a0or du d\u00e9sert\u00a0\u00bb ou \u00ab\u00a0noix de brebis\u00a0\u00bb,Tant\u00f4t huile de beaut\u00e9, tant\u00f4t belle cire,Ma graine ne s\u2019alt\u00e8re pas ni ne rancit,Jojoba press\u00e9 \u00e0 froid, ma\u00eetre pour servir.<\/p>\n<p class=\"more-link-p\"><a class=\"more-link\" href=\"http:\/\/laplumedeloiseaulyre.com\/?page_id=12913\">Read more &rarr;<\/a><\/p>\n","protected":false},"author":1,"featured_media":0,"parent":0,"menu_order":0,"comment_status":"closed","ping_status":"closed","template":"","meta":{"spay_email":""},"jetpack_shortlink":"https:\/\/wp.me\/P4lzfC-3mh","_links":{"self":[{"href":"http:\/\/laplumedeloiseaulyre.com\/index.php?rest_route=\/wp\/v2\/pages\/12913"}],"collection":[{"href":"http:\/\/laplumedeloiseaulyre.com\/index.php?rest_route=\/wp\/v2\/pages"}],"about":[{"href":"http:\/\/laplumedeloiseaulyre.com\/index.php?rest_route=\/wp\/v2\/types\/page"}],"author":[{"embeddable":true,"href":"http:\/\/laplumedeloiseaulyre.com\/index.php?rest_route=\/wp\/v2\/users\/1"}],"replies":[{"embeddable":true,"href":"http:\/\/laplumedeloiseaulyre.com\/index.php?rest_route=%2Fwp%2Fv2%2Fcomments&post=12913"}],"version-history":[{"count":1,"href":"http:\/\/laplumedeloiseaulyre.com\/index.php?rest_route=\/wp\/v2\/pages\/12913\/revisions"}],"predecessor-version":[{"id":12914,"href":"http:\/\/laplumedeloiseaulyre.com\/index.php?rest_route=\/wp\/v2\/pages\/12913\/revisions\/12914"}],"wp:attachment":[{"href":"http:\/\/laplumedeloiseaulyre.com\/index.php?rest_route=%2Fwp%2Fv2%2Fmedia&parent=12913"}],"curies":[{"name":"wp","href":"https:\/\/api.w.org\/{rel}","templated":true}]}}