{"id":12887,"date":"2021-07-28T13:08:43","date_gmt":"2021-07-28T13:08:43","guid":{"rendered":"http:\/\/laplumedeloiseaulyre.com\/?page_id=12887"},"modified":"2021-07-28T13:20:45","modified_gmt":"2021-07-28T13:20:45","slug":"geranium-herbe-a-robert-germanium-robertianum","status":"publish","type":"page","link":"http:\/\/laplumedeloiseaulyre.com\/?page_id=12887","title":{"rendered":"G\u00c9RANIUM HERBE \u00c0 ROBERT Germanium robertianum"},"content":{"rendered":"\n<p>Remontant le boulevard des Alexandrins,<br>Je heurte \u00e0 Saint-Germain le G\u00e9ranium Robert,<br>Il se disputait avec Madame Grammaire<br>Sur le sens \u00e0 donner \u00e0 ses gr\u00eales tanins.<\/p>\n\n\n\n<p><\/p>\n\n\n\n<p><\/p>\n","protected":false},"excerpt":{"rendered":"<p>Remontant le boulevard des Alexandrins,Je heurte \u00e0 Saint-Germain le G\u00e9ranium Robert,Il se disputait avec Madame GrammaireSur le sens \u00e0 donner \u00e0 ses gr\u00eales tanins.<\/p>\n<p class=\"more-link-p\"><a class=\"more-link\" href=\"http:\/\/laplumedeloiseaulyre.com\/?page_id=12887\">Read more &rarr;<\/a><\/p>\n","protected":false},"author":1,"featured_media":0,"parent":0,"menu_order":0,"comment_status":"closed","ping_status":"closed","template":"","meta":{"spay_email":""},"jetpack_shortlink":"https:\/\/wp.me\/P4lzfC-3lR","_links":{"self":[{"href":"http:\/\/laplumedeloiseaulyre.com\/index.php?rest_route=\/wp\/v2\/pages\/12887"}],"collection":[{"href":"http:\/\/laplumedeloiseaulyre.com\/index.php?rest_route=\/wp\/v2\/pages"}],"about":[{"href":"http:\/\/laplumedeloiseaulyre.com\/index.php?rest_route=\/wp\/v2\/types\/page"}],"author":[{"embeddable":true,"href":"http:\/\/laplumedeloiseaulyre.com\/index.php?rest_route=\/wp\/v2\/users\/1"}],"replies":[{"embeddable":true,"href":"http:\/\/laplumedeloiseaulyre.com\/index.php?rest_route=%2Fwp%2Fv2%2Fcomments&post=12887"}],"version-history":[{"count":2,"href":"http:\/\/laplumedeloiseaulyre.com\/index.php?rest_route=\/wp\/v2\/pages\/12887\/revisions"}],"predecessor-version":[{"id":12894,"href":"http:\/\/laplumedeloiseaulyre.com\/index.php?rest_route=\/wp\/v2\/pages\/12887\/revisions\/12894"}],"wp:attachment":[{"href":"http:\/\/laplumedeloiseaulyre.com\/index.php?rest_route=%2Fwp%2Fv2%2Fmedia&parent=12887"}],"curies":[{"name":"wp","href":"https:\/\/api.w.org\/{rel}","templated":true}]}}