{"id":12883,"date":"2021-07-28T13:06:14","date_gmt":"2021-07-28T13:06:14","guid":{"rendered":"http:\/\/laplumedeloiseaulyre.com\/?page_id=12883"},"modified":"2021-07-28T13:06:14","modified_gmt":"2021-07-28T13:06:14","slug":"fucus-fucus-vesiculosus","status":"publish","type":"page","link":"http:\/\/laplumedeloiseaulyre.com\/?page_id=12883","title":{"rendered":"FUCUS Fucus vesiculosus"},"content":{"rendered":"\n<p>Dans mon cher alguier j\u2019ai d\u00e9cid\u00e9 de presser<br>Le thalle d\u2019un Fucus \u00e0 l\u2019humeur vagabonde,<br>Varech dentel\u00e9 qui dans la mer surabonde,<br>Coiffure de sir\u00e8ne aux sables emm\u00eal\u00e9s.<\/p>\n\n\n\n<p><\/p>\n","protected":false},"excerpt":{"rendered":"<p>Dans mon cher alguier j\u2019ai d\u00e9cid\u00e9 de presserLe thalle d\u2019un Fucus \u00e0 l\u2019humeur vagabonde,Varech dentel\u00e9 qui dans la mer surabonde,Coiffure de sir\u00e8ne aux sables emm\u00eal\u00e9s.<\/p>\n<p class=\"more-link-p\"><a class=\"more-link\" href=\"http:\/\/laplumedeloiseaulyre.com\/?page_id=12883\">Read more &rarr;<\/a><\/p>\n","protected":false},"author":1,"featured_media":0,"parent":0,"menu_order":0,"comment_status":"closed","ping_status":"closed","template":"","meta":{"spay_email":""},"jetpack_shortlink":"https:\/\/wp.me\/P4lzfC-3lN","_links":{"self":[{"href":"http:\/\/laplumedeloiseaulyre.com\/index.php?rest_route=\/wp\/v2\/pages\/12883"}],"collection":[{"href":"http:\/\/laplumedeloiseaulyre.com\/index.php?rest_route=\/wp\/v2\/pages"}],"about":[{"href":"http:\/\/laplumedeloiseaulyre.com\/index.php?rest_route=\/wp\/v2\/types\/page"}],"author":[{"embeddable":true,"href":"http:\/\/laplumedeloiseaulyre.com\/index.php?rest_route=\/wp\/v2\/users\/1"}],"replies":[{"embeddable":true,"href":"http:\/\/laplumedeloiseaulyre.com\/index.php?rest_route=%2Fwp%2Fv2%2Fcomments&post=12883"}],"version-history":[{"count":1,"href":"http:\/\/laplumedeloiseaulyre.com\/index.php?rest_route=\/wp\/v2\/pages\/12883\/revisions"}],"predecessor-version":[{"id":12884,"href":"http:\/\/laplumedeloiseaulyre.com\/index.php?rest_route=\/wp\/v2\/pages\/12883\/revisions\/12884"}],"wp:attachment":[{"href":"http:\/\/laplumedeloiseaulyre.com\/index.php?rest_route=%2Fwp%2Fv2%2Fmedia&parent=12883"}],"curies":[{"name":"wp","href":"https:\/\/api.w.org\/{rel}","templated":true}]}}