{"id":12868,"date":"2021-07-28T12:46:08","date_gmt":"2021-07-28T12:46:08","guid":{"rendered":"http:\/\/laplumedeloiseaulyre.com\/?page_id=12868"},"modified":"2021-07-28T12:46:08","modified_gmt":"2021-07-28T12:46:08","slug":"flamboyant-delonix-regia","status":"publish","type":"page","link":"http:\/\/laplumedeloiseaulyre.com\/?page_id=12868","title":{"rendered":"FLAMBOYANT Delonix regia"},"content":{"rendered":"\n<p>Flamboyant des conqu\u00eates amoureuses<br>Tu es le roi du ch\u00e2teau de mon c\u0153ur,<br>Ma carte majeure, mon gouverneur,<br>Pacificateur d\u2019humeur batailleuse.<\/p>\n\n\n\n<p><\/p>\n","protected":false},"excerpt":{"rendered":"<p>Flamboyant des conqu\u00eates amoureusesTu es le roi du ch\u00e2teau de mon c\u0153ur,Ma carte majeure, mon gouverneur,Pacificateur d\u2019humeur batailleuse.<\/p>\n<p class=\"more-link-p\"><a class=\"more-link\" href=\"http:\/\/laplumedeloiseaulyre.com\/?page_id=12868\">Read more &rarr;<\/a><\/p>\n","protected":false},"author":1,"featured_media":0,"parent":0,"menu_order":0,"comment_status":"closed","ping_status":"closed","template":"","meta":{"spay_email":""},"jetpack_shortlink":"https:\/\/wp.me\/P4lzfC-3ly","_links":{"self":[{"href":"http:\/\/laplumedeloiseaulyre.com\/index.php?rest_route=\/wp\/v2\/pages\/12868"}],"collection":[{"href":"http:\/\/laplumedeloiseaulyre.com\/index.php?rest_route=\/wp\/v2\/pages"}],"about":[{"href":"http:\/\/laplumedeloiseaulyre.com\/index.php?rest_route=\/wp\/v2\/types\/page"}],"author":[{"embeddable":true,"href":"http:\/\/laplumedeloiseaulyre.com\/index.php?rest_route=\/wp\/v2\/users\/1"}],"replies":[{"embeddable":true,"href":"http:\/\/laplumedeloiseaulyre.com\/index.php?rest_route=%2Fwp%2Fv2%2Fcomments&post=12868"}],"version-history":[{"count":1,"href":"http:\/\/laplumedeloiseaulyre.com\/index.php?rest_route=\/wp\/v2\/pages\/12868\/revisions"}],"predecessor-version":[{"id":12869,"href":"http:\/\/laplumedeloiseaulyre.com\/index.php?rest_route=\/wp\/v2\/pages\/12868\/revisions\/12869"}],"wp:attachment":[{"href":"http:\/\/laplumedeloiseaulyre.com\/index.php?rest_route=%2Fwp%2Fv2%2Fmedia&parent=12868"}],"curies":[{"name":"wp","href":"https:\/\/api.w.org\/{rel}","templated":true}]}}