{"id":12865,"date":"2021-07-28T12:43:37","date_gmt":"2021-07-28T12:43:37","guid":{"rendered":"http:\/\/laplumedeloiseaulyre.com\/?page_id=12865"},"modified":"2021-07-28T12:43:37","modified_gmt":"2021-07-28T12:43:37","slug":"fetuque-bleue-festuca-glauca","status":"publish","type":"page","link":"http:\/\/laplumedeloiseaulyre.com\/?page_id=12865","title":{"rendered":"F\u00c9TUQUE BLEUE Festuca glauca\u00a0"},"content":{"rendered":"\n<p>La F\u00e9tuque bleue a sorti ses brins en lames,<br>Ses lames aiguis\u00e9es aux attaques du froid,<br>Entends-tu donc les g\u00e9livures de sa voix,<br>Sa voix qui s\u2019\u00e9lance dans le jardin en flamme\u00a0?<\/p>\n\n\n\n<p><\/p>\n","protected":false},"excerpt":{"rendered":"<p>La F\u00e9tuque bleue a sorti ses brins en lames,Ses lames aiguis\u00e9es aux attaques du froid,Entends-tu donc les g\u00e9livures de sa voix,Sa voix qui s\u2019\u00e9lance dans le jardin en flamme\u00a0?<\/p>\n<p class=\"more-link-p\"><a class=\"more-link\" href=\"http:\/\/laplumedeloiseaulyre.com\/?page_id=12865\">Read more &rarr;<\/a><\/p>\n","protected":false},"author":1,"featured_media":0,"parent":0,"menu_order":0,"comment_status":"closed","ping_status":"closed","template":"","meta":{"spay_email":""},"jetpack_shortlink":"https:\/\/wp.me\/P4lzfC-3lv","_links":{"self":[{"href":"http:\/\/laplumedeloiseaulyre.com\/index.php?rest_route=\/wp\/v2\/pages\/12865"}],"collection":[{"href":"http:\/\/laplumedeloiseaulyre.com\/index.php?rest_route=\/wp\/v2\/pages"}],"about":[{"href":"http:\/\/laplumedeloiseaulyre.com\/index.php?rest_route=\/wp\/v2\/types\/page"}],"author":[{"embeddable":true,"href":"http:\/\/laplumedeloiseaulyre.com\/index.php?rest_route=\/wp\/v2\/users\/1"}],"replies":[{"embeddable":true,"href":"http:\/\/laplumedeloiseaulyre.com\/index.php?rest_route=%2Fwp%2Fv2%2Fcomments&post=12865"}],"version-history":[{"count":1,"href":"http:\/\/laplumedeloiseaulyre.com\/index.php?rest_route=\/wp\/v2\/pages\/12865\/revisions"}],"predecessor-version":[{"id":12867,"href":"http:\/\/laplumedeloiseaulyre.com\/index.php?rest_route=\/wp\/v2\/pages\/12865\/revisions\/12867"}],"wp:attachment":[{"href":"http:\/\/laplumedeloiseaulyre.com\/index.php?rest_route=%2Fwp%2Fv2%2Fmedia&parent=12865"}],"curies":[{"name":"wp","href":"https:\/\/api.w.org\/{rel}","templated":true}]}}