{"id":12858,"date":"2021-07-28T10:03:36","date_gmt":"2021-07-28T10:03:36","guid":{"rendered":"http:\/\/laplumedeloiseaulyre.com\/?page_id=12858"},"modified":"2022-02-16T22:25:01","modified_gmt":"2022-02-16T22:25:01","slug":"dicksonia-dicksonia-antartica","status":"publish","type":"page","link":"http:\/\/laplumedeloiseaulyre.com\/?page_id=12858","title":{"rendered":"DICKSONIA Dicksonia antarctica\u00a0"},"content":{"rendered":"\n<p>Dicksonia, j\u2019ai voyag\u00e9 dans le monde entier,<br>Suivi les chemins de travers, fait la bagarre,<br>Connu tous les urbex, commis tous les p\u00e9ch\u00e9s<br>\u00c0 ton ombre de palmier-foug\u00e8re de gare.<\/p>\n\n\n\n<p><\/p>\n","protected":false},"excerpt":{"rendered":"<p>Dicksonia, j\u2019ai voyag\u00e9 dans le monde entier,Suivi les chemins de travers, fait la bagarre,Connu tous les urbex, commis tous les p\u00e9ch\u00e9s\u00c0 ton ombre de palmier-foug\u00e8re de gare.<\/p>\n<p class=\"more-link-p\"><a class=\"more-link\" href=\"http:\/\/laplumedeloiseaulyre.com\/?page_id=12858\">Read more &rarr;<\/a><\/p>\n","protected":false},"author":1,"featured_media":0,"parent":0,"menu_order":0,"comment_status":"closed","ping_status":"closed","template":"","meta":{"spay_email":""},"jetpack_shortlink":"https:\/\/wp.me\/P4lzfC-3lo","_links":{"self":[{"href":"http:\/\/laplumedeloiseaulyre.com\/index.php?rest_route=\/wp\/v2\/pages\/12858"}],"collection":[{"href":"http:\/\/laplumedeloiseaulyre.com\/index.php?rest_route=\/wp\/v2\/pages"}],"about":[{"href":"http:\/\/laplumedeloiseaulyre.com\/index.php?rest_route=\/wp\/v2\/types\/page"}],"author":[{"embeddable":true,"href":"http:\/\/laplumedeloiseaulyre.com\/index.php?rest_route=\/wp\/v2\/users\/1"}],"replies":[{"embeddable":true,"href":"http:\/\/laplumedeloiseaulyre.com\/index.php?rest_route=%2Fwp%2Fv2%2Fcomments&post=12858"}],"version-history":[{"count":2,"href":"http:\/\/laplumedeloiseaulyre.com\/index.php?rest_route=\/wp\/v2\/pages\/12858\/revisions"}],"predecessor-version":[{"id":13616,"href":"http:\/\/laplumedeloiseaulyre.com\/index.php?rest_route=\/wp\/v2\/pages\/12858\/revisions\/13616"}],"wp:attachment":[{"href":"http:\/\/laplumedeloiseaulyre.com\/index.php?rest_route=%2Fwp%2Fv2%2Fmedia&parent=12858"}],"curies":[{"name":"wp","href":"https:\/\/api.w.org\/{rel}","templated":true}]}}