{"id":12833,"date":"2021-07-28T09:32:31","date_gmt":"2021-07-28T09:32:31","guid":{"rendered":"http:\/\/laplumedeloiseaulyre.com\/?page_id=12833"},"modified":"2022-02-25T00:33:07","modified_gmt":"2022-02-25T00:33:07","slug":"cordyline-cordyline-fruticosa","status":"publish","type":"page","link":"http:\/\/laplumedeloiseaulyre.com\/?page_id=12833","title":{"rendered":"CORDYLINE D&rsquo;HAWA\u00cf Cordyline fruticosa"},"content":{"rendered":"\n<p>Se roulant dans son feuillage de dignit\u00e9,<br>La Cordyline lambine, la corde au cou,<br>Affubl\u00e9e d\u2019un foulard fourchu d\u2019Agavac\u00e9e,<br>Sa langue de femme r\u00e9citant des ha\u00efkus.<\/p>\n\n\n\n<p><\/p>\n","protected":false},"excerpt":{"rendered":"<p>Se roulant dans son feuillage de dignit\u00e9,La Cordyline lambine, la corde au cou,Affubl\u00e9e d\u2019un foulard fourchu d\u2019Agavac\u00e9e,Sa langue de femme r\u00e9citant des ha\u00efkus.<\/p>\n<p class=\"more-link-p\"><a class=\"more-link\" href=\"http:\/\/laplumedeloiseaulyre.com\/?page_id=12833\">Read more &rarr;<\/a><\/p>\n","protected":false},"author":1,"featured_media":0,"parent":0,"menu_order":0,"comment_status":"closed","ping_status":"closed","template":"","meta":{"spay_email":""},"jetpack_shortlink":"https:\/\/wp.me\/P4lzfC-3kZ","_links":{"self":[{"href":"http:\/\/laplumedeloiseaulyre.com\/index.php?rest_route=\/wp\/v2\/pages\/12833"}],"collection":[{"href":"http:\/\/laplumedeloiseaulyre.com\/index.php?rest_route=\/wp\/v2\/pages"}],"about":[{"href":"http:\/\/laplumedeloiseaulyre.com\/index.php?rest_route=\/wp\/v2\/types\/page"}],"author":[{"embeddable":true,"href":"http:\/\/laplumedeloiseaulyre.com\/index.php?rest_route=\/wp\/v2\/users\/1"}],"replies":[{"embeddable":true,"href":"http:\/\/laplumedeloiseaulyre.com\/index.php?rest_route=%2Fwp%2Fv2%2Fcomments&post=12833"}],"version-history":[{"count":3,"href":"http:\/\/laplumedeloiseaulyre.com\/index.php?rest_route=\/wp\/v2\/pages\/12833\/revisions"}],"predecessor-version":[{"id":13666,"href":"http:\/\/laplumedeloiseaulyre.com\/index.php?rest_route=\/wp\/v2\/pages\/12833\/revisions\/13666"}],"wp:attachment":[{"href":"http:\/\/laplumedeloiseaulyre.com\/index.php?rest_route=%2Fwp%2Fv2%2Fmedia&parent=12833"}],"curies":[{"name":"wp","href":"https:\/\/api.w.org\/{rel}","templated":true}]}}