{"id":12824,"date":"2021-07-28T09:26:02","date_gmt":"2021-07-28T09:26:02","guid":{"rendered":"http:\/\/laplumedeloiseaulyre.com\/?page_id=12824"},"modified":"2021-07-28T09:26:02","modified_gmt":"2021-07-28T09:26:02","slug":"coleus-coleus-scutellarioides","status":"publish","type":"page","link":"http:\/\/laplumedeloiseaulyre.com\/?page_id=12824","title":{"rendered":"COLEUS Coleus scutellarioides"},"content":{"rendered":"\n<p>\u00c9pargnez-moi \u00f4 Dieu les b\u00eatises du monde,<br>Laissez-moi cr\u00e9er ce que mon \u00eatre souhaite,<br>Dissipez les Coleus du n\u00e9ant immonde<br>Et que je sois moi telle que vous m\u2019avez faite.<\/p>\n\n\n\n<p><\/p>\n","protected":false},"excerpt":{"rendered":"<p>\u00c9pargnez-moi \u00f4 Dieu les b\u00eatises du monde,Laissez-moi cr\u00e9er ce que mon \u00eatre souhaite,Dissipez les Coleus du n\u00e9ant immondeEt que je sois moi telle que vous m\u2019avez faite.<\/p>\n<p class=\"more-link-p\"><a class=\"more-link\" href=\"http:\/\/laplumedeloiseaulyre.com\/?page_id=12824\">Read more &rarr;<\/a><\/p>\n","protected":false},"author":1,"featured_media":0,"parent":0,"menu_order":0,"comment_status":"closed","ping_status":"closed","template":"","meta":{"spay_email":""},"jetpack_shortlink":"https:\/\/wp.me\/P4lzfC-3kQ","_links":{"self":[{"href":"http:\/\/laplumedeloiseaulyre.com\/index.php?rest_route=\/wp\/v2\/pages\/12824"}],"collection":[{"href":"http:\/\/laplumedeloiseaulyre.com\/index.php?rest_route=\/wp\/v2\/pages"}],"about":[{"href":"http:\/\/laplumedeloiseaulyre.com\/index.php?rest_route=\/wp\/v2\/types\/page"}],"author":[{"embeddable":true,"href":"http:\/\/laplumedeloiseaulyre.com\/index.php?rest_route=\/wp\/v2\/users\/1"}],"replies":[{"embeddable":true,"href":"http:\/\/laplumedeloiseaulyre.com\/index.php?rest_route=%2Fwp%2Fv2%2Fcomments&post=12824"}],"version-history":[{"count":1,"href":"http:\/\/laplumedeloiseaulyre.com\/index.php?rest_route=\/wp\/v2\/pages\/12824\/revisions"}],"predecessor-version":[{"id":12825,"href":"http:\/\/laplumedeloiseaulyre.com\/index.php?rest_route=\/wp\/v2\/pages\/12824\/revisions\/12825"}],"wp:attachment":[{"href":"http:\/\/laplumedeloiseaulyre.com\/index.php?rest_route=%2Fwp%2Fv2%2Fmedia&parent=12824"}],"curies":[{"name":"wp","href":"https:\/\/api.w.org\/{rel}","templated":true}]}}