{"id":12803,"date":"2021-07-27T13:48:04","date_gmt":"2021-07-27T13:48:04","guid":{"rendered":"http:\/\/laplumedeloiseaulyre.com\/?page_id=12803"},"modified":"2021-07-27T13:48:04","modified_gmt":"2021-07-27T13:48:04","slug":"petite-centauree-centaurium-erythraea","status":"publish","type":"page","link":"http:\/\/laplumedeloiseaulyre.com\/?page_id=12803","title":{"rendered":"PETITE CENTAUR\u00c9E Centaurium erythraea"},"content":{"rendered":"\n<p>Je suis descendue en la vall\u00e9e du n\u00e9ant,<br>Gouffre o\u00f9 je n\u2019ai trouv\u00e9 qu\u2019une seule et unique<br>Fleur\u00a0! C\u2019\u00e9tait la Petite Centaur\u00e9e d\u2019antan,<br>La plante qui servait autrefois de viatique.<\/p>\n\n\n\n<p><\/p>\n","protected":false},"excerpt":{"rendered":"<p>Je suis descendue en la vall\u00e9e du n\u00e9ant,Gouffre o\u00f9 je n\u2019ai trouv\u00e9 qu\u2019une seule et uniqueFleur\u00a0! C\u2019\u00e9tait la Petite Centaur\u00e9e d\u2019antan,La plante qui servait autrefois de viatique.<\/p>\n<p class=\"more-link-p\"><a class=\"more-link\" href=\"http:\/\/laplumedeloiseaulyre.com\/?page_id=12803\">Read more &rarr;<\/a><\/p>\n","protected":false},"author":1,"featured_media":0,"parent":0,"menu_order":0,"comment_status":"closed","ping_status":"closed","template":"","meta":{"spay_email":""},"jetpack_shortlink":"https:\/\/wp.me\/P4lzfC-3kv","_links":{"self":[{"href":"http:\/\/laplumedeloiseaulyre.com\/index.php?rest_route=\/wp\/v2\/pages\/12803"}],"collection":[{"href":"http:\/\/laplumedeloiseaulyre.com\/index.php?rest_route=\/wp\/v2\/pages"}],"about":[{"href":"http:\/\/laplumedeloiseaulyre.com\/index.php?rest_route=\/wp\/v2\/types\/page"}],"author":[{"embeddable":true,"href":"http:\/\/laplumedeloiseaulyre.com\/index.php?rest_route=\/wp\/v2\/users\/1"}],"replies":[{"embeddable":true,"href":"http:\/\/laplumedeloiseaulyre.com\/index.php?rest_route=%2Fwp%2Fv2%2Fcomments&post=12803"}],"version-history":[{"count":1,"href":"http:\/\/laplumedeloiseaulyre.com\/index.php?rest_route=\/wp\/v2\/pages\/12803\/revisions"}],"predecessor-version":[{"id":12804,"href":"http:\/\/laplumedeloiseaulyre.com\/index.php?rest_route=\/wp\/v2\/pages\/12803\/revisions\/12804"}],"wp:attachment":[{"href":"http:\/\/laplumedeloiseaulyre.com\/index.php?rest_route=%2Fwp%2Fv2%2Fmedia&parent=12803"}],"curies":[{"name":"wp","href":"https:\/\/api.w.org\/{rel}","templated":true}]}}