{"id":12797,"date":"2021-07-27T13:43:02","date_gmt":"2021-07-27T13:43:02","guid":{"rendered":"http:\/\/laplumedeloiseaulyre.com\/?page_id=12797"},"modified":"2021-07-27T13:43:02","modified_gmt":"2021-07-27T13:43:02","slug":"cassier-vachellia-farnesiana","status":"publish","type":"page","link":"http:\/\/laplumedeloiseaulyre.com\/?page_id=12797","title":{"rendered":"CASSIER Vachellia farnesiana"},"content":{"rendered":"\n<p>Je me d\u00e9prends de tout sans me d\u00e9prendre de toi,<br>Mimosa de Farn\u00e8se, Cassier du Levant,<br>Louable arbuste au parfum d\u2019or jaune odorant<br>Qui fait luire les quintessences des Acacias.<\/p>\n\n\n\n<p><\/p>\n","protected":false},"excerpt":{"rendered":"<p>Je me d\u00e9prends de tout sans me d\u00e9prendre de toi,Mimosa de Farn\u00e8se, Cassier du Levant,Louable arbuste au parfum d\u2019or jaune odorantQui fait luire les quintessences des Acacias.<\/p>\n<p class=\"more-link-p\"><a class=\"more-link\" href=\"http:\/\/laplumedeloiseaulyre.com\/?page_id=12797\">Read more &rarr;<\/a><\/p>\n","protected":false},"author":1,"featured_media":0,"parent":0,"menu_order":0,"comment_status":"closed","ping_status":"closed","template":"","meta":{"spay_email":""},"jetpack_shortlink":"https:\/\/wp.me\/P4lzfC-3kp","_links":{"self":[{"href":"http:\/\/laplumedeloiseaulyre.com\/index.php?rest_route=\/wp\/v2\/pages\/12797"}],"collection":[{"href":"http:\/\/laplumedeloiseaulyre.com\/index.php?rest_route=\/wp\/v2\/pages"}],"about":[{"href":"http:\/\/laplumedeloiseaulyre.com\/index.php?rest_route=\/wp\/v2\/types\/page"}],"author":[{"embeddable":true,"href":"http:\/\/laplumedeloiseaulyre.com\/index.php?rest_route=\/wp\/v2\/users\/1"}],"replies":[{"embeddable":true,"href":"http:\/\/laplumedeloiseaulyre.com\/index.php?rest_route=%2Fwp%2Fv2%2Fcomments&post=12797"}],"version-history":[{"count":1,"href":"http:\/\/laplumedeloiseaulyre.com\/index.php?rest_route=\/wp\/v2\/pages\/12797\/revisions"}],"predecessor-version":[{"id":12798,"href":"http:\/\/laplumedeloiseaulyre.com\/index.php?rest_route=\/wp\/v2\/pages\/12797\/revisions\/12798"}],"wp:attachment":[{"href":"http:\/\/laplumedeloiseaulyre.com\/index.php?rest_route=%2Fwp%2Fv2%2Fmedia&parent=12797"}],"curies":[{"name":"wp","href":"https:\/\/api.w.org\/{rel}","templated":true}]}}