{"id":12795,"date":"2021-07-27T13:40:57","date_gmt":"2021-07-27T13:40:57","guid":{"rendered":"http:\/\/laplumedeloiseaulyre.com\/?page_id=12795"},"modified":"2021-07-27T13:40:57","modified_gmt":"2021-07-27T13:40:57","slug":"carambolier-averrhoa-carambola","status":"publish","type":"page","link":"http:\/\/laplumedeloiseaulyre.com\/?page_id=12795","title":{"rendered":"CARAMBOLIER Averrhoa carambola"},"content":{"rendered":"\n<p>Voyageur des Moluques en manteau d\u2019\u00e9toiles,<br>Il subjugue les botanistes par son fruit,<br>Le Carambolier se pare de rhum et, frit,<br>Fait des carambolages sucr\u00e9s dans les po\u00eales.<\/p>\n\n\n\n<p><\/p>\n","protected":false},"excerpt":{"rendered":"<p>Voyageur des Moluques en manteau d\u2019\u00e9toiles,Il subjugue les botanistes par son fruit,Le Carambolier se pare de rhum et, frit,Fait des carambolages sucr\u00e9s dans les po\u00eales.<\/p>\n<p class=\"more-link-p\"><a class=\"more-link\" href=\"http:\/\/laplumedeloiseaulyre.com\/?page_id=12795\">Read more &rarr;<\/a><\/p>\n","protected":false},"author":1,"featured_media":0,"parent":0,"menu_order":0,"comment_status":"closed","ping_status":"closed","template":"","meta":{"spay_email":""},"jetpack_shortlink":"https:\/\/wp.me\/P4lzfC-3kn","_links":{"self":[{"href":"http:\/\/laplumedeloiseaulyre.com\/index.php?rest_route=\/wp\/v2\/pages\/12795"}],"collection":[{"href":"http:\/\/laplumedeloiseaulyre.com\/index.php?rest_route=\/wp\/v2\/pages"}],"about":[{"href":"http:\/\/laplumedeloiseaulyre.com\/index.php?rest_route=\/wp\/v2\/types\/page"}],"author":[{"embeddable":true,"href":"http:\/\/laplumedeloiseaulyre.com\/index.php?rest_route=\/wp\/v2\/users\/1"}],"replies":[{"embeddable":true,"href":"http:\/\/laplumedeloiseaulyre.com\/index.php?rest_route=%2Fwp%2Fv2%2Fcomments&post=12795"}],"version-history":[{"count":1,"href":"http:\/\/laplumedeloiseaulyre.com\/index.php?rest_route=\/wp\/v2\/pages\/12795\/revisions"}],"predecessor-version":[{"id":12796,"href":"http:\/\/laplumedeloiseaulyre.com\/index.php?rest_route=\/wp\/v2\/pages\/12795\/revisions\/12796"}],"wp:attachment":[{"href":"http:\/\/laplumedeloiseaulyre.com\/index.php?rest_route=%2Fwp%2Fv2%2Fmedia&parent=12795"}],"curies":[{"name":"wp","href":"https:\/\/api.w.org\/{rel}","templated":true}]}}