{"id":12784,"date":"2021-07-27T13:31:48","date_gmt":"2021-07-27T13:31:48","guid":{"rendered":"http:\/\/laplumedeloiseaulyre.com\/?page_id=12784"},"modified":"2021-07-27T13:31:48","modified_gmt":"2021-07-27T13:31:48","slug":"canne-a-peche-des-anges-dierama-pendulum","status":"publish","type":"page","link":"http:\/\/laplumedeloiseaulyre.com\/?page_id=12784","title":{"rendered":"CANNE \u00c0 P\u00caCHE DES ANGES Dierama pendulum"},"content":{"rendered":"\n<p>J\u2019ai vu douze anges lancer leurs Cannes \u00e0 p\u00eache<br>Dans l\u2019\u00e9tang bord\u00e9 de pendules et de barques,<br>Ils voyaient le reflet \u00e9toil\u00e9 de la Cr\u00e8che<br>Et se riaient du rouet d\u2019H\u00e9rode et des Parques.<\/p>\n\n\n\n<p><\/p>\n\n\n\n<p><\/p>\n\n\n\n<p><\/p>\n\n\n\n<p><\/p>\n","protected":false},"excerpt":{"rendered":"<p>J\u2019ai vu douze anges lancer leurs Cannes \u00e0 p\u00eacheDans l\u2019\u00e9tang bord\u00e9 de pendules et de barques,Ils voyaient le reflet \u00e9toil\u00e9 de la Cr\u00e8cheEt se riaient du rouet d\u2019H\u00e9rode et des Parques.<\/p>\n<p class=\"more-link-p\"><a class=\"more-link\" href=\"http:\/\/laplumedeloiseaulyre.com\/?page_id=12784\">Read more &rarr;<\/a><\/p>\n","protected":false},"author":1,"featured_media":0,"parent":0,"menu_order":0,"comment_status":"closed","ping_status":"closed","template":"","meta":{"spay_email":""},"jetpack_shortlink":"https:\/\/wp.me\/P4lzfC-3kc","_links":{"self":[{"href":"http:\/\/laplumedeloiseaulyre.com\/index.php?rest_route=\/wp\/v2\/pages\/12784"}],"collection":[{"href":"http:\/\/laplumedeloiseaulyre.com\/index.php?rest_route=\/wp\/v2\/pages"}],"about":[{"href":"http:\/\/laplumedeloiseaulyre.com\/index.php?rest_route=\/wp\/v2\/types\/page"}],"author":[{"embeddable":true,"href":"http:\/\/laplumedeloiseaulyre.com\/index.php?rest_route=\/wp\/v2\/users\/1"}],"replies":[{"embeddable":true,"href":"http:\/\/laplumedeloiseaulyre.com\/index.php?rest_route=%2Fwp%2Fv2%2Fcomments&post=12784"}],"version-history":[{"count":1,"href":"http:\/\/laplumedeloiseaulyre.com\/index.php?rest_route=\/wp\/v2\/pages\/12784\/revisions"}],"predecessor-version":[{"id":12785,"href":"http:\/\/laplumedeloiseaulyre.com\/index.php?rest_route=\/wp\/v2\/pages\/12784\/revisions\/12785"}],"wp:attachment":[{"href":"http:\/\/laplumedeloiseaulyre.com\/index.php?rest_route=%2Fwp%2Fv2%2Fmedia&parent=12784"}],"curies":[{"name":"wp","href":"https:\/\/api.w.org\/{rel}","templated":true}]}}