{"id":12782,"date":"2021-07-27T13:29:05","date_gmt":"2021-07-27T13:29:05","guid":{"rendered":"http:\/\/laplumedeloiseaulyre.com\/?page_id=12782"},"modified":"2021-07-27T13:29:05","modified_gmt":"2021-07-27T13:29:05","slug":"canche-flexusueuse-avenella-flexuosa","status":"publish","type":"page","link":"http:\/\/laplumedeloiseaulyre.com\/?page_id=12782","title":{"rendered":"CANCHE FLEXUSUEUSE Avenella flexuosa"},"content":{"rendered":"\n<p>Merci Seigneur pour les lances du Golgotha,<br>Pour la Canche flexueuse aux genoux de m\u00e8re,<br>Et pour son brin qui fl\u00e9chit comme une Piet\u00e0,<br>Et pour ses bras nus qui retiennent leur col\u00e8re.<\/p>\n\n\n\n<p><\/p>\n","protected":false},"excerpt":{"rendered":"<p>Merci Seigneur pour les lances du Golgotha,Pour la Canche flexueuse aux genoux de m\u00e8re,Et pour son brin qui fl\u00e9chit comme une Piet\u00e0,Et pour ses bras nus qui retiennent leur col\u00e8re.<\/p>\n<p class=\"more-link-p\"><a class=\"more-link\" href=\"http:\/\/laplumedeloiseaulyre.com\/?page_id=12782\">Read more &rarr;<\/a><\/p>\n","protected":false},"author":1,"featured_media":0,"parent":0,"menu_order":0,"comment_status":"closed","ping_status":"closed","template":"","meta":{"spay_email":""},"jetpack_shortlink":"https:\/\/wp.me\/P4lzfC-3ka","_links":{"self":[{"href":"http:\/\/laplumedeloiseaulyre.com\/index.php?rest_route=\/wp\/v2\/pages\/12782"}],"collection":[{"href":"http:\/\/laplumedeloiseaulyre.com\/index.php?rest_route=\/wp\/v2\/pages"}],"about":[{"href":"http:\/\/laplumedeloiseaulyre.com\/index.php?rest_route=\/wp\/v2\/types\/page"}],"author":[{"embeddable":true,"href":"http:\/\/laplumedeloiseaulyre.com\/index.php?rest_route=\/wp\/v2\/users\/1"}],"replies":[{"embeddable":true,"href":"http:\/\/laplumedeloiseaulyre.com\/index.php?rest_route=%2Fwp%2Fv2%2Fcomments&post=12782"}],"version-history":[{"count":1,"href":"http:\/\/laplumedeloiseaulyre.com\/index.php?rest_route=\/wp\/v2\/pages\/12782\/revisions"}],"predecessor-version":[{"id":12783,"href":"http:\/\/laplumedeloiseaulyre.com\/index.php?rest_route=\/wp\/v2\/pages\/12782\/revisions\/12783"}],"wp:attachment":[{"href":"http:\/\/laplumedeloiseaulyre.com\/index.php?rest_route=%2Fwp%2Fv2%2Fmedia&parent=12782"}],"curies":[{"name":"wp","href":"https:\/\/api.w.org\/{rel}","templated":true}]}}