{"id":12771,"date":"2021-07-27T13:14:44","date_gmt":"2021-07-27T13:14:44","guid":{"rendered":"http:\/\/laplumedeloiseaulyre.com\/?page_id=12771"},"modified":"2021-07-27T13:14:44","modified_gmt":"2021-07-27T13:14:44","slug":"calament-calamintha-grandiflora","status":"publish","type":"page","link":"http:\/\/laplumedeloiseaulyre.com\/?page_id=12771","title":{"rendered":"CALAMENT Calamintha grandiflora"},"content":{"rendered":"\n<p>Puisqu&rsquo;il faut qu&rsquo;il y ait des justiciers z\u00e9l\u00e9s<br>Et que les faits soient pes\u00e9s par juges de loi,\u00a0<br>Messieurs les Calaments, tirez donc les premiers, <br>Bretteurs de l&rsquo;Aubrac, duellistes sans \u00e9moi. <\/p>\n\n\n\n<p><\/p>\n\n\n\n<p><\/p>\n","protected":false},"excerpt":{"rendered":"<p>Puisqu&rsquo;il faut qu&rsquo;il y ait des justiciers z\u00e9l\u00e9sEt que les faits soient pes\u00e9s par juges de loi,\u00a0Messieurs les Calaments, tirez donc les premiers, Bretteurs de l&rsquo;Aubrac, duellistes sans \u00e9moi.<\/p>\n<p class=\"more-link-p\"><a class=\"more-link\" href=\"http:\/\/laplumedeloiseaulyre.com\/?page_id=12771\">Read more &rarr;<\/a><\/p>\n","protected":false},"author":1,"featured_media":0,"parent":0,"menu_order":0,"comment_status":"closed","ping_status":"closed","template":"","meta":{"spay_email":""},"jetpack_shortlink":"https:\/\/wp.me\/P4lzfC-3jZ","_links":{"self":[{"href":"http:\/\/laplumedeloiseaulyre.com\/index.php?rest_route=\/wp\/v2\/pages\/12771"}],"collection":[{"href":"http:\/\/laplumedeloiseaulyre.com\/index.php?rest_route=\/wp\/v2\/pages"}],"about":[{"href":"http:\/\/laplumedeloiseaulyre.com\/index.php?rest_route=\/wp\/v2\/types\/page"}],"author":[{"embeddable":true,"href":"http:\/\/laplumedeloiseaulyre.com\/index.php?rest_route=\/wp\/v2\/users\/1"}],"replies":[{"embeddable":true,"href":"http:\/\/laplumedeloiseaulyre.com\/index.php?rest_route=%2Fwp%2Fv2%2Fcomments&post=12771"}],"version-history":[{"count":1,"href":"http:\/\/laplumedeloiseaulyre.com\/index.php?rest_route=\/wp\/v2\/pages\/12771\/revisions"}],"predecessor-version":[{"id":12772,"href":"http:\/\/laplumedeloiseaulyre.com\/index.php?rest_route=\/wp\/v2\/pages\/12771\/revisions\/12772"}],"wp:attachment":[{"href":"http:\/\/laplumedeloiseaulyre.com\/index.php?rest_route=%2Fwp%2Fv2%2Fmedia&parent=12771"}],"curies":[{"name":"wp","href":"https:\/\/api.w.org\/{rel}","templated":true}]}}