{"id":12767,"date":"2021-07-27T13:11:08","date_gmt":"2021-07-27T13:11:08","guid":{"rendered":"http:\/\/laplumedeloiseaulyre.com\/?page_id=12767"},"modified":"2022-02-25T00:17:12","modified_gmt":"2022-02-25T00:17:12","slug":"cactus-a-fleur-de-lune-epiphyllum-oxypetalum","status":"publish","type":"page","link":"http:\/\/laplumedeloiseaulyre.com\/?page_id=12767","title":{"rendered":"CACTUS \u00c0 FLEUR DE LUNE Epiphyllum oxypetalum\u00a0"},"content":{"rendered":"\n<p><em>Mysterium lunae<\/em>, mon f\u00e9minin sacr\u00e9,\u00a0<br>Gr\u00e2ce po\u00e9tique naissant apr\u00e8s minuit,\u00a0<br>Ma sainte inspiration de la profonde nuit<br>Comme affleure <em>Epiphyllum<\/em>, cactus d\u2019Idum\u00e9e.<\/p>\n","protected":false},"excerpt":{"rendered":"<p>Mysterium lunae, mon f\u00e9minin sacr\u00e9,\u00a0Gr\u00e2ce po\u00e9tique naissant apr\u00e8s minuit,\u00a0Ma sainte inspiration de la profonde nuitComme affleure Epiphyllum, cactus d\u2019Idum\u00e9e.<\/p>\n<p class=\"more-link-p\"><a class=\"more-link\" href=\"http:\/\/laplumedeloiseaulyre.com\/?page_id=12767\">Read more &rarr;<\/a><\/p>\n","protected":false},"author":1,"featured_media":0,"parent":0,"menu_order":0,"comment_status":"closed","ping_status":"closed","template":"","meta":{"spay_email":""},"jetpack_shortlink":"https:\/\/wp.me\/P4lzfC-3jV","_links":{"self":[{"href":"http:\/\/laplumedeloiseaulyre.com\/index.php?rest_route=\/wp\/v2\/pages\/12767"}],"collection":[{"href":"http:\/\/laplumedeloiseaulyre.com\/index.php?rest_route=\/wp\/v2\/pages"}],"about":[{"href":"http:\/\/laplumedeloiseaulyre.com\/index.php?rest_route=\/wp\/v2\/types\/page"}],"author":[{"embeddable":true,"href":"http:\/\/laplumedeloiseaulyre.com\/index.php?rest_route=\/wp\/v2\/users\/1"}],"replies":[{"embeddable":true,"href":"http:\/\/laplumedeloiseaulyre.com\/index.php?rest_route=%2Fwp%2Fv2%2Fcomments&post=12767"}],"version-history":[{"count":3,"href":"http:\/\/laplumedeloiseaulyre.com\/index.php?rest_route=\/wp\/v2\/pages\/12767\/revisions"}],"predecessor-version":[{"id":13653,"href":"http:\/\/laplumedeloiseaulyre.com\/index.php?rest_route=\/wp\/v2\/pages\/12767\/revisions\/13653"}],"wp:attachment":[{"href":"http:\/\/laplumedeloiseaulyre.com\/index.php?rest_route=%2Fwp%2Fv2%2Fmedia&parent=12767"}],"curies":[{"name":"wp","href":"https:\/\/api.w.org\/{rel}","templated":true}]}}