{"id":12762,"date":"2021-07-27T10:40:34","date_gmt":"2021-07-27T10:40:34","guid":{"rendered":"http:\/\/laplumedeloiseaulyre.com\/?page_id=12762"},"modified":"2021-07-27T10:40:34","modified_gmt":"2021-07-27T10:40:34","slug":"busserole-arctostaphylos-uva-ursi","status":"publish","type":"page","link":"http:\/\/laplumedeloiseaulyre.com\/?page_id=12762","title":{"rendered":"BUSSEROLE Arctostaphylos uva-ursi"},"content":{"rendered":"\n<p>Busserole, grelot rouge des ursid\u00e9s<br>Tu tintes pour ceux qui sortent d&rsquo;hibernation,<br>Hochet v\u00e9g\u00e9tal pour les majest\u00e9s fourr\u00e9es,<br>Raisin des ours, feuillage de m\u00e9dication. <\/p>\n\n\n\n<p><\/p>\n\n\n\n<p><\/p>\n","protected":false},"excerpt":{"rendered":"<p>Busserole, grelot rouge des ursid\u00e9sTu tintes pour ceux qui sortent d&rsquo;hibernation,Hochet v\u00e9g\u00e9tal pour les majest\u00e9s fourr\u00e9es,Raisin des ours, feuillage de m\u00e9dication.<\/p>\n<p class=\"more-link-p\"><a class=\"more-link\" href=\"http:\/\/laplumedeloiseaulyre.com\/?page_id=12762\">Read more &rarr;<\/a><\/p>\n","protected":false},"author":1,"featured_media":0,"parent":0,"menu_order":0,"comment_status":"closed","ping_status":"closed","template":"","meta":{"spay_email":""},"jetpack_shortlink":"https:\/\/wp.me\/P4lzfC-3jQ","_links":{"self":[{"href":"http:\/\/laplumedeloiseaulyre.com\/index.php?rest_route=\/wp\/v2\/pages\/12762"}],"collection":[{"href":"http:\/\/laplumedeloiseaulyre.com\/index.php?rest_route=\/wp\/v2\/pages"}],"about":[{"href":"http:\/\/laplumedeloiseaulyre.com\/index.php?rest_route=\/wp\/v2\/types\/page"}],"author":[{"embeddable":true,"href":"http:\/\/laplumedeloiseaulyre.com\/index.php?rest_route=\/wp\/v2\/users\/1"}],"replies":[{"embeddable":true,"href":"http:\/\/laplumedeloiseaulyre.com\/index.php?rest_route=%2Fwp%2Fv2%2Fcomments&post=12762"}],"version-history":[{"count":1,"href":"http:\/\/laplumedeloiseaulyre.com\/index.php?rest_route=\/wp\/v2\/pages\/12762\/revisions"}],"predecessor-version":[{"id":12763,"href":"http:\/\/laplumedeloiseaulyre.com\/index.php?rest_route=\/wp\/v2\/pages\/12762\/revisions\/12763"}],"wp:attachment":[{"href":"http:\/\/laplumedeloiseaulyre.com\/index.php?rest_route=%2Fwp%2Fv2%2Fmedia&parent=12762"}],"curies":[{"name":"wp","href":"https:\/\/api.w.org\/{rel}","templated":true}]}}