{"id":12760,"date":"2021-07-27T10:37:59","date_gmt":"2021-07-27T10:37:59","guid":{"rendered":"http:\/\/laplumedeloiseaulyre.com\/?page_id=12760"},"modified":"2021-07-27T10:37:59","modified_gmt":"2021-07-27T10:37:59","slug":"buplevre-a-longues-feuilles-bupleurum-longifolium-2","status":"publish","type":"page","link":"http:\/\/laplumedeloiseaulyre.com\/?page_id=12760","title":{"rendered":"BUPL\u00c8VRE \u00c0 LONGUES FEUILLES Bupleurum longifolium"},"content":{"rendered":"\n<p>\u00c9p\u00e9e verte qui ouvre le blason du c\u0153ur,<br>Poignard sans lame auquel toute abeille s&rsquo;immole,<br>Glaive qui brule les p\u00e9ch\u00e9s par son ardeur,<br>Qui songe \u00e0 tes douceurs, \u00f4 Bupl\u00e8vre, \u00f4 paroles ? <\/p>\n","protected":false},"excerpt":{"rendered":"<p>\u00c9p\u00e9e verte qui ouvre le blason du c\u0153ur,Poignard sans lame auquel toute abeille s&rsquo;immole,Glaive qui brule les p\u00e9ch\u00e9s par son ardeur,Qui songe \u00e0 tes douceurs, \u00f4 Bupl\u00e8vre, \u00f4 paroles ?<\/p>\n<p class=\"more-link-p\"><a class=\"more-link\" href=\"http:\/\/laplumedeloiseaulyre.com\/?page_id=12760\">Read more &rarr;<\/a><\/p>\n","protected":false},"author":1,"featured_media":0,"parent":0,"menu_order":0,"comment_status":"closed","ping_status":"closed","template":"","meta":{"spay_email":""},"jetpack_shortlink":"https:\/\/wp.me\/P4lzfC-3jO","_links":{"self":[{"href":"http:\/\/laplumedeloiseaulyre.com\/index.php?rest_route=\/wp\/v2\/pages\/12760"}],"collection":[{"href":"http:\/\/laplumedeloiseaulyre.com\/index.php?rest_route=\/wp\/v2\/pages"}],"about":[{"href":"http:\/\/laplumedeloiseaulyre.com\/index.php?rest_route=\/wp\/v2\/types\/page"}],"author":[{"embeddable":true,"href":"http:\/\/laplumedeloiseaulyre.com\/index.php?rest_route=\/wp\/v2\/users\/1"}],"replies":[{"embeddable":true,"href":"http:\/\/laplumedeloiseaulyre.com\/index.php?rest_route=%2Fwp%2Fv2%2Fcomments&post=12760"}],"version-history":[{"count":1,"href":"http:\/\/laplumedeloiseaulyre.com\/index.php?rest_route=\/wp\/v2\/pages\/12760\/revisions"}],"predecessor-version":[{"id":12761,"href":"http:\/\/laplumedeloiseaulyre.com\/index.php?rest_route=\/wp\/v2\/pages\/12760\/revisions\/12761"}],"wp:attachment":[{"href":"http:\/\/laplumedeloiseaulyre.com\/index.php?rest_route=%2Fwp%2Fv2%2Fmedia&parent=12760"}],"curies":[{"name":"wp","href":"https:\/\/api.w.org\/{rel}","templated":true}]}}