{"id":12757,"date":"2021-07-27T10:34:38","date_gmt":"2021-07-27T10:34:38","guid":{"rendered":"http:\/\/laplumedeloiseaulyre.com\/?page_id=12757"},"modified":"2021-07-27T10:34:38","modified_gmt":"2021-07-27T10:34:38","slug":"buisson-ardent-pyracantha","status":"publish","type":"page","link":"http:\/\/laplumedeloiseaulyre.com\/?page_id=12757","title":{"rendered":"BUISSON ARDENT Pyracantha"},"content":{"rendered":"\n<p>Et il ne sait pourquoi sans affection r\u00e9elle<br>Et sans aversion il parcourt l&rsquo;immensit\u00e9<br>En recherche du Buisson Ardent de Beaut\u00e9,<br>Tout en qu\u00eate de l&rsquo;innocence atemporelle.<\/p>\n\n\n\n<p><\/p>\n\n\n\n<p><\/p>\n","protected":false},"excerpt":{"rendered":"<p>Et il ne sait pourquoi sans affection r\u00e9elleEt sans aversion il parcourt l&rsquo;immensit\u00e9En recherche du Buisson Ardent de Beaut\u00e9,Tout en qu\u00eate de l&rsquo;innocence atemporelle.<\/p>\n<p class=\"more-link-p\"><a class=\"more-link\" href=\"http:\/\/laplumedeloiseaulyre.com\/?page_id=12757\">Read more &rarr;<\/a><\/p>\n","protected":false},"author":1,"featured_media":0,"parent":0,"menu_order":0,"comment_status":"closed","ping_status":"closed","template":"","meta":{"spay_email":""},"jetpack_shortlink":"https:\/\/wp.me\/P4lzfC-3jL","_links":{"self":[{"href":"http:\/\/laplumedeloiseaulyre.com\/index.php?rest_route=\/wp\/v2\/pages\/12757"}],"collection":[{"href":"http:\/\/laplumedeloiseaulyre.com\/index.php?rest_route=\/wp\/v2\/pages"}],"about":[{"href":"http:\/\/laplumedeloiseaulyre.com\/index.php?rest_route=\/wp\/v2\/types\/page"}],"author":[{"embeddable":true,"href":"http:\/\/laplumedeloiseaulyre.com\/index.php?rest_route=\/wp\/v2\/users\/1"}],"replies":[{"embeddable":true,"href":"http:\/\/laplumedeloiseaulyre.com\/index.php?rest_route=%2Fwp%2Fv2%2Fcomments&post=12757"}],"version-history":[{"count":1,"href":"http:\/\/laplumedeloiseaulyre.com\/index.php?rest_route=\/wp\/v2\/pages\/12757\/revisions"}],"predecessor-version":[{"id":12758,"href":"http:\/\/laplumedeloiseaulyre.com\/index.php?rest_route=\/wp\/v2\/pages\/12757\/revisions\/12758"}],"wp:attachment":[{"href":"http:\/\/laplumedeloiseaulyre.com\/index.php?rest_route=%2Fwp%2Fv2%2Fmedia&parent=12757"}],"curies":[{"name":"wp","href":"https:\/\/api.w.org\/{rel}","templated":true}]}}