{"id":12749,"date":"2021-07-27T10:26:29","date_gmt":"2021-07-27T10:26:29","guid":{"rendered":"http:\/\/laplumedeloiseaulyre.com\/?page_id=12749"},"modified":"2021-07-27T10:26:29","modified_gmt":"2021-07-27T10:26:29","slug":"bourdaine-frangula-alnus","status":"publish","type":"page","link":"http:\/\/laplumedeloiseaulyre.com\/?page_id=12749","title":{"rendered":"BOURDAINE Frangula alnus"},"content":{"rendered":"\n<p>L&rsquo;ancien Paris n&rsquo;est plus qu&rsquo;une ge\u00f4le aseptique<br>O\u00f9 se perd d&rsquo;angoisse une jeunesse masqu\u00e9e,<br>Chacun transporte une tumeur \u00e9pid\u00e9mique<br>Comme les Bourdaines un jour sont enherb\u00e9es. <\/p>\n","protected":false},"excerpt":{"rendered":"<p>L&rsquo;ancien Paris n&rsquo;est plus qu&rsquo;une ge\u00f4le aseptiqueO\u00f9 se perd d&rsquo;angoisse une jeunesse masqu\u00e9e,Chacun transporte une tumeur \u00e9pid\u00e9miqueComme les Bourdaines un jour sont enherb\u00e9es.<\/p>\n<p class=\"more-link-p\"><a class=\"more-link\" href=\"http:\/\/laplumedeloiseaulyre.com\/?page_id=12749\">Read more &rarr;<\/a><\/p>\n","protected":false},"author":1,"featured_media":0,"parent":0,"menu_order":0,"comment_status":"closed","ping_status":"closed","template":"","meta":{"spay_email":""},"jetpack_shortlink":"https:\/\/wp.me\/P4lzfC-3jD","_links":{"self":[{"href":"http:\/\/laplumedeloiseaulyre.com\/index.php?rest_route=\/wp\/v2\/pages\/12749"}],"collection":[{"href":"http:\/\/laplumedeloiseaulyre.com\/index.php?rest_route=\/wp\/v2\/pages"}],"about":[{"href":"http:\/\/laplumedeloiseaulyre.com\/index.php?rest_route=\/wp\/v2\/types\/page"}],"author":[{"embeddable":true,"href":"http:\/\/laplumedeloiseaulyre.com\/index.php?rest_route=\/wp\/v2\/users\/1"}],"replies":[{"embeddable":true,"href":"http:\/\/laplumedeloiseaulyre.com\/index.php?rest_route=%2Fwp%2Fv2%2Fcomments&post=12749"}],"version-history":[{"count":1,"href":"http:\/\/laplumedeloiseaulyre.com\/index.php?rest_route=\/wp\/v2\/pages\/12749\/revisions"}],"predecessor-version":[{"id":12750,"href":"http:\/\/laplumedeloiseaulyre.com\/index.php?rest_route=\/wp\/v2\/pages\/12749\/revisions\/12750"}],"wp:attachment":[{"href":"http:\/\/laplumedeloiseaulyre.com\/index.php?rest_route=%2Fwp%2Fv2%2Fmedia&parent=12749"}],"curies":[{"name":"wp","href":"https:\/\/api.w.org\/{rel}","templated":true}]}}