{"id":12743,"date":"2021-07-27T09:42:17","date_gmt":"2021-07-27T09:42:17","guid":{"rendered":"http:\/\/laplumedeloiseaulyre.com\/?page_id=12743"},"modified":"2021-07-27T09:42:17","modified_gmt":"2021-07-27T09:42:17","slug":"blackstonie-blackstonia-perfoliata","status":"publish","type":"page","link":"http:\/\/laplumedeloiseaulyre.com\/?page_id=12743","title":{"rendered":"BLACKSTONIE Blackstonia perfoliata"},"content":{"rendered":"\n<p>Parmi les alluvions de l&rsquo;all\u00e9e d&rsquo;arriv\u00e9e<br>Je vois tour \u00e0 tour le marron qui na\u00eet en germe, <br>Les cymes d&rsquo;or de la Blackstonie perfoli\u00e9e<br>Remplir les loges du chemin comme des gemmes. <\/p>\n","protected":false},"excerpt":{"rendered":"<p>Parmi les alluvions de l&rsquo;all\u00e9e d&rsquo;arriv\u00e9eJe vois tour \u00e0 tour le marron qui na\u00eet en germe, Les cymes d&rsquo;or de la Blackstonie perfoli\u00e9eRemplir les loges du chemin comme des gemmes.<\/p>\n<p class=\"more-link-p\"><a class=\"more-link\" href=\"http:\/\/laplumedeloiseaulyre.com\/?page_id=12743\">Read more &rarr;<\/a><\/p>\n","protected":false},"author":1,"featured_media":0,"parent":0,"menu_order":0,"comment_status":"closed","ping_status":"closed","template":"","meta":{"spay_email":""},"jetpack_shortlink":"https:\/\/wp.me\/P4lzfC-3jx","_links":{"self":[{"href":"http:\/\/laplumedeloiseaulyre.com\/index.php?rest_route=\/wp\/v2\/pages\/12743"}],"collection":[{"href":"http:\/\/laplumedeloiseaulyre.com\/index.php?rest_route=\/wp\/v2\/pages"}],"about":[{"href":"http:\/\/laplumedeloiseaulyre.com\/index.php?rest_route=\/wp\/v2\/types\/page"}],"author":[{"embeddable":true,"href":"http:\/\/laplumedeloiseaulyre.com\/index.php?rest_route=\/wp\/v2\/users\/1"}],"replies":[{"embeddable":true,"href":"http:\/\/laplumedeloiseaulyre.com\/index.php?rest_route=%2Fwp%2Fv2%2Fcomments&post=12743"}],"version-history":[{"count":1,"href":"http:\/\/laplumedeloiseaulyre.com\/index.php?rest_route=\/wp\/v2\/pages\/12743\/revisions"}],"predecessor-version":[{"id":12744,"href":"http:\/\/laplumedeloiseaulyre.com\/index.php?rest_route=\/wp\/v2\/pages\/12743\/revisions\/12744"}],"wp:attachment":[{"href":"http:\/\/laplumedeloiseaulyre.com\/index.php?rest_route=%2Fwp%2Fv2%2Fmedia&parent=12743"}],"curies":[{"name":"wp","href":"https:\/\/api.w.org\/{rel}","templated":true}]}}