{"id":12740,"date":"2021-07-27T09:39:29","date_gmt":"2021-07-27T09:39:29","guid":{"rendered":"http:\/\/laplumedeloiseaulyre.com\/?page_id=12740"},"modified":"2021-07-27T09:39:29","modified_gmt":"2021-07-27T09:39:29","slug":"biscutella-biscutella-laevigata","status":"publish","type":"page","link":"http:\/\/laplumedeloiseaulyre.com\/?page_id=12740","title":{"rendered":"BISCUTELLA Biscutella laevigata"},"content":{"rendered":"\n<p>Dans une bo\u00eete \u00e0 biscuit tordue de fer blanc<br>Dormait Biscutella en r\u00e9tractant ses bras,<br>Luneti\u00e8re des \u00e9boulis et des tracas,<br>Fleur dilettante \u00e0 coronales d&rsquo;orpiment.<\/p>\n","protected":false},"excerpt":{"rendered":"<p>Dans une bo\u00eete \u00e0 biscuit tordue de fer blancDormait Biscutella en r\u00e9tractant ses bras,Luneti\u00e8re des \u00e9boulis et des tracas,Fleur dilettante \u00e0 coronales d&rsquo;orpiment.<\/p>\n<p class=\"more-link-p\"><a class=\"more-link\" href=\"http:\/\/laplumedeloiseaulyre.com\/?page_id=12740\">Read more &rarr;<\/a><\/p>\n","protected":false},"author":1,"featured_media":0,"parent":0,"menu_order":0,"comment_status":"closed","ping_status":"closed","template":"","meta":{"spay_email":""},"jetpack_shortlink":"https:\/\/wp.me\/P4lzfC-3ju","_links":{"self":[{"href":"http:\/\/laplumedeloiseaulyre.com\/index.php?rest_route=\/wp\/v2\/pages\/12740"}],"collection":[{"href":"http:\/\/laplumedeloiseaulyre.com\/index.php?rest_route=\/wp\/v2\/pages"}],"about":[{"href":"http:\/\/laplumedeloiseaulyre.com\/index.php?rest_route=\/wp\/v2\/types\/page"}],"author":[{"embeddable":true,"href":"http:\/\/laplumedeloiseaulyre.com\/index.php?rest_route=\/wp\/v2\/users\/1"}],"replies":[{"embeddable":true,"href":"http:\/\/laplumedeloiseaulyre.com\/index.php?rest_route=%2Fwp%2Fv2%2Fcomments&post=12740"}],"version-history":[{"count":1,"href":"http:\/\/laplumedeloiseaulyre.com\/index.php?rest_route=\/wp\/v2\/pages\/12740\/revisions"}],"predecessor-version":[{"id":12741,"href":"http:\/\/laplumedeloiseaulyre.com\/index.php?rest_route=\/wp\/v2\/pages\/12740\/revisions\/12741"}],"wp:attachment":[{"href":"http:\/\/laplumedeloiseaulyre.com\/index.php?rest_route=%2Fwp%2Fv2%2Fmedia&parent=12740"}],"curies":[{"name":"wp","href":"https:\/\/api.w.org\/{rel}","templated":true}]}}